{"id":1242,"date":"2023-03-20T13:42:48","date_gmt":"2023-03-20T12:42:48","guid":{"rendered":"https:\/\/www.blausasc.fr\/index.php\/infracstructures-sportives-copy\/"},"modified":"2025-03-24T17:48:32","modified_gmt":"2025-03-24T16:48:32","slug":"conservatoire-de-musique","status":"publish","type":"page","link":"https:\/\/www.blausasc.fr\/index.php\/associations\/conservatoire-de-musique\/","title":{"rendered":"CONSERVATOIRE DE MUSIQUE"},"content":{"rendered":"<p>[et_pb_section fb_built=\u00a0\u00bb1&Prime; _builder_version=\u00a0\u00bb4.20.2&Prime; _module_preset=\u00a0\u00bbdefault\u00a0\u00bb link_option_url_new_window=\u00a0\u00bbon\u00a0\u00bb global_colors_info=\u00a0\u00bb{}\u00a0\u00bb][et_pb_row _builder_version=\u00a0\u00bb4.17.3&Prime; _module_preset=\u00a0\u00bbdefault\u00a0\u00bb global_colors_info=\u00a0\u00bb{}\u00a0\u00bb][et_pb_column type=\u00a0\u00bb4_4&Prime; _builder_version=\u00a0\u00bb4.17.3&Prime; _module_preset=\u00a0\u00bbdefault\u00a0\u00bb global_colors_info=\u00a0\u00bb{}\u00a0\u00bb][et_pb_text _builder_version=\u00a0\u00bb4.20.2&Prime; _module_preset=\u00a0\u00bbdefault\u00a0\u00bb global_colors_info=\u00a0\u00bb{}\u00a0\u00bb]<\/p>\n<p>&nbsp;<\/p>\n<p>&nbsp;<\/p>\n<p>&nbsp;<\/p>\n<p>Le conservatoire de musique de Blausasc est en place de puis plusieurs ann\u00e9es, la municipalit\u00e9 s&rsquo;est donn\u00e9e tous les moyens n\u00e9cessaires pour accompagner le projet et permettre aux enfants et adultes de Blausasc d\u2019acc\u00e9der \u00e0 la musique.<\/p>\n<p>Le Pr\u00e9sident du Conseil D\u00e9partemental <strong><em>M. Charles-Ange Gin\u00e9sy<\/em><\/strong>, <strong><em>M. Jean Thaon,<\/em><\/strong> Pr\u00e9sident du Conservatoire D\u00e9partemental, nos \u00e9lus D\u00e9partementaux <strong><em>C\u00e9line Duquesne<\/em><\/strong> et <strong><em>S\u00e9bastien Olharan<\/em><\/strong> soutiennent les mairies qui apportent leur contribution \u00e0 cette structure, les enseignants soucieux de transmettre leur passion et leur savoir.. Aujourd\u2019hui petits et grands vont pouvoir d\u00e9couvrir l\u2019excellence et la proximit\u00e9. Les cours des professeurs seront r\u00e9alis\u00e9s hebdomadairement durant l\u2019ann\u00e9e scolaire dans les deux \u00e9coles. Ce sont 33 professeurs qui dispensent un enseignement de grande qualit\u00e9 d\u00e9ploy\u00e9 sur 80% du territoire des Alpes-Maritimes sous la direction de <strong><em>Christian Tourniaire.<\/em><\/strong><\/p>\n<div class=\"heading__content-top \">\n<h1 class=\"heading__title\"><span class=\"heading__title-text\">Enseignement musical<\/span><\/h1>\n<\/div>\n<div class=\"heading__content\">\n<p class=\"teaser heading__teaser\">Comme tout conservatoire, le Conservatoire D\u00e9partemental des Alpes-Maritimes propose \u00e0 ces \u00e9tudiants de valider le Dipl\u00f4me d&rsquo;\u00e9tudes musicales (DEM).<\/p>\n<\/div>\n<p>Les cours suivants sont propos\u00e9s\u00a0: <em>Guitare<\/em> avec Tiscia Alberto (lundi), <em>Eveil musical, Pratiques Collectives Culture Musicale, Atelier Percu<\/em> avec Painy Yannick (mardi), <em>Voix <\/em>et <em>piano<\/em> avec Lambert karine (mercredi), <em>Piano<\/em> et <em>PCM<\/em> avec Tsilyurik V\u00e9ronica (mercredi), <em>Violon <\/em>avec Germerie Nicolas (jeudi), <em>Violoncelle<\/em> avec Pron Andr\u00e9a (vendredi), <em>Fl\u00fbte traversi\u00e8re<\/em> avec Crespy Christine (vendredi) et <em>Clarinette<\/em> avec Perotto Giacomo (samedi).<\/p>\n<p>Le pr\u00eat de mat\u00e9riel est possible moyennant une cotisation \u00e0 l\u2019ann\u00e9e, les tarifs sont tr\u00e8s attractifs pour les Blausascois et il y a la possibilit\u00e9 de s\u2019inscrire m\u00eame si vous ne r\u00e9sidez pas \u00e0 Blausasc.<\/p>\n<p>Le cursus instrumental comprend \u00e9galement des activit\u00e9s compl\u00e9mentaires offertes et obligatoires\u00a0: cours de Pratiques Collectives-Culture Musicale (PCM).<\/p>\n<p><strong>Les cours sont dispens\u00e9s \u00e0 la salle de la musique ; Place de l\u2019\u00e9glise et dans une salle du Palais \u00ab Sa\u00efssi \u00bb\u00a0<\/strong><\/p>\n<p><strong>\u00a0 \u00a0 Pour vous inscrire ou pour tout renseignement contacter: <a href=\"http:\/\/www.cdm06.fr\">www.cdm06.fr<\/a><\/strong><\/p>\n<p><strong><\/strong><\/p>\n<p><strong><\/strong><\/p>\n<p>[\/et_pb_text][\/et_pb_column][\/et_pb_row][et_pb_row _builder_version=\u00a0\u00bb4.20.2&Prime; _module_preset=\u00a0\u00bbdefault\u00a0\u00bb global_colors_info=\u00a0\u00bb{}\u00a0\u00bb][et_pb_column type=\u00a0\u00bb4_4&Prime; _builder_version=\u00a0\u00bb4.20.2&Prime; _module_preset=\u00a0\u00bbdefault\u00a0\u00bb global_colors_info=\u00a0\u00bb{}\u00a0\u00bb][et_pb_image src=\u00a0\u00bbhttps:\/\/www.blausasc.fr\/wp-content\/uploads\/2025\/03\/bandeau-1260.jpg\u00a0\u00bb title_text=\u00a0\u00bbbandeau-1260&Prime; _builder_version=\u00a0\u00bb4.27.4&Prime; _module_preset=\u00a0\u00bbdefault\u00a0\u00bb hover_enabled=\u00a0\u00bb0&Prime; global_colors_info=\u00a0\u00bb{}\u00a0\u00bb sticky_enabled=\u00a0\u00bb0&Prime;][\/et_pb_image][\/et_pb_column][\/et_pb_row][\/et_pb_section]<\/p>\n","protected":false},"excerpt":{"rendered":"<p>&nbsp; &nbsp; &nbsp; Le conservatoire de musique de Blausasc est en place de puis plusieurs ann\u00e9es, la municipalit\u00e9 s&rsquo;est donn\u00e9e tous les moyens n\u00e9cessaires pour accompagner le projet et permettre aux enfants et adultes de Blausasc d\u2019acc\u00e9der \u00e0 la musique. Le Pr\u00e9sident du Conseil D\u00e9partemental M. Charles-Ange Gin\u00e9sy, M. Jean Thaon, Pr\u00e9sident du Conservatoire D\u00e9partemental, [&hellip;]<\/p>\n","protected":false},"author":5,"featured_media":0,"parent":626,"menu_order":0,"comment_status":"closed","ping_status":"closed","template":"","meta":{"_et_pb_use_builder":"on","_et_pb_old_content":"","_et_gb_content_width":"","footnotes":""},"class_list":["post-1242","page","type-page","status-publish","hentry"],"_links":{"self":[{"href":"https:\/\/www.blausasc.fr\/index.php\/wp-json\/wp\/v2\/pages\/1242","targetHints":{"allow":["GET"]}}],"collection":[{"href":"https:\/\/www.blausasc.fr\/index.php\/wp-json\/wp\/v2\/pages"}],"about":[{"href":"https:\/\/www.blausasc.fr\/index.php\/wp-json\/wp\/v2\/types\/page"}],"author":[{"embeddable":true,"href":"https:\/\/www.blausasc.fr\/index.php\/wp-json\/wp\/v2\/users\/5"}],"replies":[{"embeddable":true,"href":"https:\/\/www.blausasc.fr\/index.php\/wp-json\/wp\/v2\/comments?post=1242"}],"version-history":[{"count":2,"href":"https:\/\/www.blausasc.fr\/index.php\/wp-json\/wp\/v2\/pages\/1242\/revisions"}],"predecessor-version":[{"id":2119,"href":"https:\/\/www.blausasc.fr\/index.php\/wp-json\/wp\/v2\/pages\/1242\/revisions\/2119"}],"up":[{"embeddable":true,"href":"https:\/\/www.blausasc.fr\/index.php\/wp-json\/wp\/v2\/pages\/626"}],"wp:attachment":[{"href":"https:\/\/www.blausasc.fr\/index.php\/wp-json\/wp\/v2\/media?parent=1242"}],"curies":[{"name":"wp","href":"https:\/\/api.w.org\/{rel}","templated":true}]}}