{"id":541,"date":"2022-06-08T20:32:09","date_gmt":"2022-06-08T18:32:09","guid":{"rendered":"https:\/\/www.blausasc.fr\/index.php\/actions-sociales-copy\/"},"modified":"2025-03-21T11:37:36","modified_gmt":"2025-03-21T10:37:36","slug":"petite-enfance","status":"publish","type":"page","link":"https:\/\/www.blausasc.fr\/index.php\/petite-enfance\/","title":{"rendered":"PETITE ENFANCE"},"content":{"rendered":"<p>[et_pb_section fb_built=\u00a0\u00bb1&Prime; _builder_version=\u00a0\u00bb4.17.4&Prime; _module_preset=\u00a0\u00bbdefault\u00a0\u00bb background_image=\u00a0\u00bbhttps:\/\/www.blausasc.fr\/wp-content\/uploads\/2022\/06\/Creche-de-Blausasc.jpg\u00a0\u00bb background_size=\u00a0\u00bbcontain\u00a0\u00bb min_height=\u00a0\u00bb377px\u00a0\u00bb custom_padding=\u00a0\u00bb||176px|||\u00a0\u00bb global_colors_info=\u00a0\u00bb{}\u00a0\u00bb][et_pb_row disabled_on=\u00a0\u00bbon|on|on\u00a0\u00bb _builder_version=\u00a0\u00bb4.16&Prime; _module_preset=\u00a0\u00bbdefault\u00a0\u00bb disabled=\u00a0\u00bbon\u00a0\u00bb global_colors_info=\u00a0\u00bb{}\u00a0\u00bb][et_pb_column type=\u00a0\u00bb4_4&Prime; _builder_version=\u00a0\u00bb4.16&Prime; _module_preset=\u00a0\u00bbdefault\u00a0\u00bb global_colors_info=\u00a0\u00bb{}\u00a0\u00bb][et_pb_text _builder_version=\u00a0\u00bb4.17.4&Prime; _module_preset=\u00a0\u00bbdefault\u00a0\u00bb text_text_color=\u00a0\u00bb#FFFFFF\u00a0\u00bb header_text_color=\u00a0\u00bb#FFFFFF\u00a0\u00bb global_colors_info=\u00a0\u00bb{}\u00a0\u00bb]<\/p>\n<h1 style=\"text-align: center;\"><span style=\"color: #ffff00;\"><strong>Cr\u00e9dit photo : CCPP<\/strong><\/span><\/h1>\n<p>[\/et_pb_text][\/et_pb_column][\/et_pb_row][\/et_pb_section][et_pb_section fb_built=\u00a0\u00bb1&Prime; _builder_version=\u00a0\u00bb4.16&Prime; _module_preset=\u00a0\u00bbdefault\u00a0\u00bb link_option_url_new_window=\u00a0\u00bbon\u00a0\u00bb global_colors_info=\u00a0\u00bb{}\u00a0\u00bb][et_pb_row _builder_version=\u00a0\u00bb4.27.4&Prime; _module_preset=\u00a0\u00bbdefault\u00a0\u00bb hover_enabled=\u00a0\u00bb0&Prime; global_colors_info=\u00a0\u00bb{}\u00a0\u00bb sticky_enabled=\u00a0\u00bb0&Prime; custom_padding=\u00a0\u00bb28px|||||\u00a0\u00bb][et_pb_column type=\u00a0\u00bb4_4&Prime; _builder_version=\u00a0\u00bb4.17.3&Prime; _module_preset=\u00a0\u00bbdefault\u00a0\u00bb global_colors_info=\u00a0\u00bb{}\u00a0\u00bb][et_pb_text _builder_version=\u00a0\u00bb4.27.4&Prime; _module_preset=\u00a0\u00bbdefault\u00a0\u00bb hover_enabled=\u00a0\u00bb0&Prime; global_colors_info=\u00a0\u00bb{}\u00a0\u00bb sticky_enabled=\u00a0\u00bb0&Prime;]<\/p>\n<p>La Commune de Blausasc administre 2 \u00e9coles :<\/p>\n<h3>&gt; <strong>CR\u00c8CHE \u00ab LU NISTOU DE LA POUNCHA \u00bb<\/strong><\/h3>\n<p>55, RD2204 La Pointe de Blausasc \u2013\u00a0<span>T\u00e9l: 04 92 00 75 98<\/span><\/p>\n<h3>&#8211; M.A.M:\u00a0 Maison d&rsquo;Assistants Maternels : Lou Nidou<\/h3>\n<p>1,Chemin de Vienna &#8211; La Pointe de Blausasc &#8211; T\u00e9l: 04 93 91 13 43<\/p>\n<p><em>Pr\u00e9sidente: Mme Di Meglio Danielle<\/em><\/p>\n<p><span>Objet de l&rsquo;association : regroupement de deux assistantes maternelles dans un local mis \u00e0 disposition gracieusement par la mairie de Blausasc pour une dur\u00e9e de un an renouvelable sur d\u00e9lib\u00e9ration du conseil municipal ; local ERP 5 agr\u00e9e par le conseil d\u00e9partemental des Alpes-Maritimes ; organiser, promouvoir, d\u00e9velopper des activit\u00e9s physiques et\/ou manuelles ainsi que des manifestations (spectacles, sorties p\u00e9dagogiques, etc) destin\u00e9s \u00e0 des enfants de 0 \u00e0 4 ans accueillis chez des assistantes maternelles agr\u00e9\u00e9es par le conseil d\u00e9partemental des Alpes-Maritimes.\u00a0<\/span><\/p>\n<p>&nbsp;<\/p>\n<p><strong><\/strong><\/p>\n<p><strong><\/strong><\/p>\n<h3>&gt; <strong>RELAIS PETITE ENFANCE<\/strong><\/h3>\n<p>55, RD2204 La Pointe de Blausasc \u2013\u00a0<span>06440 BLAUSASC\u00a0\u00a0\u00a0\u00a0\u00a0 T\u00e9l: 04 92 00 75 95<\/span><\/p>\n<p><strong>Heures d\u2019ouvertures\u00a0<\/strong>:<\/p>\n<ul>\n<ul>\n<li>Lundi 9h00-12h00\/14h00-17h00<\/li>\n<li><span>Mardi 9h00-12h00<\/span><\/li>\n<li><span>Jeudi 9h00-12h00\/14h00-17h00<\/span><\/li>\n<\/ul>\n<\/ul>\n<p>Pour des renseignements au sujet de la garde des enfants : Vous pouvez t\u00e9l\u00e9phoner pour prendre un rendez-vous au relais de La Pointe de Blausasc. Le relais vous orientera sur la recherche d\u2019un mode de garde pour votre enfant soit pour la cr\u00e8che soit pour une garde \u00e0 domicile (personnes pr\u00e9sent\u00e9es par le relais) soit pour un assistant maternel.<\/p>\n<p>[\/et_pb_text][\/et_pb_column][\/et_pb_row][\/et_pb_section]<\/p>\n","protected":false},"excerpt":{"rendered":"<p>Cr\u00e9dit photo : CCPPLa Commune de Blausasc administre 2 \u00e9coles : &gt; CR\u00c8CHE \u00ab LU NISTOU DE LA POUNCHA \u00bb 55, RD2204 La Pointe de Blausasc \u2013\u00a0T\u00e9l: 04 92 00 75 98 &#8211; M.A.M:\u00a0 Maison d&rsquo;Assistants Maternels : Lou Nidou 1,Chemin de Vienna &#8211; La Pointe de Blausasc &#8211; T\u00e9l: 04 93 91 13 43 [&hellip;]<\/p>\n","protected":false},"author":1,"featured_media":0,"parent":0,"menu_order":0,"comment_status":"closed","ping_status":"closed","template":"","meta":{"_et_pb_use_builder":"on","_et_pb_old_content":"","_et_gb_content_width":"","footnotes":""},"class_list":["post-541","page","type-page","status-publish","hentry"],"_links":{"self":[{"href":"https:\/\/www.blausasc.fr\/index.php\/wp-json\/wp\/v2\/pages\/541","targetHints":{"allow":["GET"]}}],"collection":[{"href":"https:\/\/www.blausasc.fr\/index.php\/wp-json\/wp\/v2\/pages"}],"about":[{"href":"https:\/\/www.blausasc.fr\/index.php\/wp-json\/wp\/v2\/types\/page"}],"author":[{"embeddable":true,"href":"https:\/\/www.blausasc.fr\/index.php\/wp-json\/wp\/v2\/users\/1"}],"replies":[{"embeddable":true,"href":"https:\/\/www.blausasc.fr\/index.php\/wp-json\/wp\/v2\/comments?post=541"}],"version-history":[{"count":1,"href":"https:\/\/www.blausasc.fr\/index.php\/wp-json\/wp\/v2\/pages\/541\/revisions"}],"predecessor-version":[{"id":2099,"href":"https:\/\/www.blausasc.fr\/index.php\/wp-json\/wp\/v2\/pages\/541\/revisions\/2099"}],"wp:attachment":[{"href":"https:\/\/www.blausasc.fr\/index.php\/wp-json\/wp\/v2\/media?parent=541"}],"curies":[{"name":"wp","href":"https:\/\/api.w.org\/{rel}","templated":true}]}}