{"id":549,"date":"2022-06-08T20:46:48","date_gmt":"2022-06-08T18:46:48","guid":{"rendered":"https:\/\/www.blausasc.fr\/index.php\/actions-sociales-copy\/"},"modified":"2024-05-02T16:54:56","modified_gmt":"2024-05-02T14:54:56","slug":"ecole-maternelle-et-ecole-elementaire","status":"publish","type":"page","link":"https:\/\/www.blausasc.fr\/index.php\/ecole-maternelle-et-ecole-elementaire\/","title":{"rendered":"ECOLE MATERNELLE ET ECOLE ELEMENTAIRE"},"content":{"rendered":"\n[et_pb_section fb_built=\u00a0\u00bb1&Prime; _builder_version=\u00a0\u00bb4.17.4&Prime; _module_preset=\u00a0\u00bbdefault\u00a0\u00bb background_image=\u00a0\u00bbhttps:\/\/www.blausasc.fr\/wp-content\/uploads\/2022\/06\/ecoles-mat-et-elem.jpg\u00a0\u00bb background_size=\u00a0\u00bbinitial\u00a0\u00bb min_height=\u00a0\u00bb377px\u00a0\u00bb custom_padding=\u00a0\u00bb||176px|||\u00a0\u00bb global_colors_info=\u00a0\u00bb{}\u00a0\u00bb][et_pb_row disabled_on=\u00a0\u00bboff|off|off\u00a0\u00bb _builder_version=\u00a0\u00bb4.16&Prime; _module_preset=\u00a0\u00bbdefault\u00a0\u00bb global_colors_info=\u00a0\u00bb{}\u00a0\u00bb][et_pb_column type=\u00a0\u00bb4_4&Prime; _builder_version=\u00a0\u00bb4.16&Prime; _module_preset=\u00a0\u00bbdefault\u00a0\u00bb global_colors_info=\u00a0\u00bb{}\u00a0\u00bb][et_pb_text _builder_version=\u00a0\u00bb4.17.4&Prime; _module_preset=\u00a0\u00bbdefault\u00a0\u00bb text_text_color=\u00a0\u00bb#FFFFFF\u00a0\u00bb header_text_color=\u00a0\u00bb#FFFFFF\u00a0\u00bb global_colors_info=\u00a0\u00bb{}\u00a0\u00bb]<h1 style=\"text-align: center;\"><strong>Escoula \u00ab\u00a0d\u00e8i Roumani\u00e8u\u00a0\u00bb \/ Ecole \u00ab\u00a0Les Glycines\u00a0\u00bb<\/strong><\/h1>[\/et_pb_text][\/et_pb_column][\/et_pb_row][\/et_pb_section][et_pb_section fb_built=\u00a0\u00bb1&Prime; _builder_version=\u00a0\u00bb4.16&Prime; _module_preset=\u00a0\u00bbdefault\u00a0\u00bb custom_padding=\u00a0\u00bb||3px|||\u00a0\u00bb link_option_url_new_window=\u00a0\u00bbon\u00a0\u00bb global_colors_info=\u00a0\u00bb{}\u00a0\u00bb][et_pb_row _builder_version=\u00a0\u00bb4.17.3&Prime; _module_preset=\u00a0\u00bbdefault\u00a0\u00bb global_colors_info=\u00a0\u00bb{}\u00a0\u00bb][et_pb_column type=\u00a0\u00bb4_4&Prime; _builder_version=\u00a0\u00bb4.17.3&Prime; _module_preset=\u00a0\u00bbdefault\u00a0\u00bb global_colors_info=\u00a0\u00bb{}\u00a0\u00bb][et_pb_accordion _builder_version=\u00a0\u00bb4.17.4&Prime; _module_preset=\u00a0\u00bbdefault\u00a0\u00bb global_colors_info=\u00a0\u00bb{}\u00a0\u00bb][et_pb_accordion_item title=\u00a0\u00bbENFANCE et SCOLARITE\u00a0\u00bb open=\u00a0\u00bboff\u00a0\u00bb _builder_version=\u00a0\u00bb4.17.4&Prime; _module_preset=\u00a0\u00bbdefault\u00a0\u00bb global_colors_info=\u00a0\u00bb{}\u00a0\u00bb]<p>La commune de Blausasc administre 2 \u00e9coles : 1 \u00e9cole primaire qui accueille une centaine d&rsquo;\u00e9l\u00e8ves et l&rsquo;\u00e9cole maternelle qui accueille une cinquantaine d&rsquo;\u00e9l\u00e8ves.<\/p>\n<p>Des cours d\u2019\u00e9ducation sportive sont dispens\u00e9s par un \u00e9ducateur sportif dipl\u00f4m\u00e9 de 11h30 \u00e0 13h30 par roulement.<\/p>\n<p>L\u2019\u00e9cole est \u00e9quip\u00e9e de l\u2019ENR quatorze ordinateurs portables ont \u00e9t\u00e9 fournis pour permettre aux enfants d\u2019appr\u00e9hender d\u00e8s l\u2019\u00e9cole \u00e9l\u00e9mentaire les rudiments de l\u2019informatique !<\/p>\n<p>Des intervenants en arts plastiques et musique interviennent aupr\u00e8s de nos enfants pour promouvoir la culture au sein des \u00e9coles primaire et maternelle.<\/p>\n<p>Pendant la p\u00e9riode scolaire les petits blausascois b\u00e9n\u00e9ficient d\u2019un voyage (classes vertes, rousses ou blanches).<\/p>\n<p>Pour chaque \u00e9l\u00e8ve 50\u20ac pour l\u2019achat de fournitures scolaires, pour les deux \u00e9coles 1600\u20ac pour l\u2019achat, le renouvellement, l\u2019entretien du mat\u00e9riel p\u00e9dagogique et les sorties scolaires, une participation de 1600\u20ac \u00e9galement pour la classe d\u00e9couverte etc\u2026<\/p>[\/et_pb_accordion_item][et_pb_accordion_item title=\u00a0\u00bbRESTAURATION SCOLAIRE\u00a0\u00bb _builder_version=\u00a0\u00bb4.17.4&Prime; _module_preset=\u00a0\u00bbdefault\u00a0\u00bb global_colors_info=\u00a0\u00bb{}\u00a0\u00bb open=\u00a0\u00bbon\u00a0\u00bb]<p>Tous les jours, des repas \u00e9quilibr\u00e9s, Bio, sont pr\u00e9par\u00e9s par le Chef Nicolas et sont servis aux enfants des \u00e9coles municipales. L\u2019enjeu\u00a0 est de d\u00e9velopper le go\u00fbt et d&rsquo;apprendre aux enfants le plaisir du repas en toute convivialit\u00e9 .<\/p>\n<p>&nbsp;<\/p>\n<p><strong>La cuisine centrale de l\u2019\u00e9cole \u00ab Les Glycines \u00bb a obtenu le label <u>Ecocert \u00ab\u00a0En cuisine\u00a0\u00bb niveau 2.<\/u><\/strong><\/p>\n<p>En \u00e0 peine un an, la cuisine des cantines de Blausasc a obtenu le <strong><em>label Ecocert<\/em><\/strong> <strong><em>\u00ab\u00a0En cuisine\u00a0\u00bb<\/em><\/strong> <strong><em>niveau 2,<\/em><\/strong> c\u2019est le r\u00e9sultat d&rsquo;un travail d&rsquo;\u00e9quipe. Le maire de Blausasc, <strong><em>Michel Lottier<\/em><\/strong> et son \u00e9quipe se sont donn\u00e9s les moyens pour offrir une restauration <strong><em>bio, locale et saine aux enfants des \u00e9coles.<\/em><\/strong> Gr\u00e2ce au talent de <strong><em>Nicolas<\/em><\/strong>, le chef de cuisine et aux personnels scolaires attentifs et \u00e0 l\u2019\u00e9coute, des repas de qualit\u00e9 sont servis dans les cantines. La qualit\u00e9 des repas n\u2019est pas le seul crit\u00e8re pour \u00eatre labellis\u00e9\u00a0: elles doivent aussi r\u00e9duire le gaspillage alimentaire, l\u2019impact des pesticides dans l\u2019assiette. <strong><em>William Robert<\/em><\/strong> de la soci\u00e9t\u00e9 SNRH<strong><em> \u00ab R\u00e9gal et Saveurs \u00bb,<\/em><\/strong> sp\u00e9cialiste local en restauration collective, se f\u00e9licite de cette reconnaissance.<\/p>\n<p>L\u2019\u00e9quipe de la cuisine centrale r\u00e9gale chaque jour 160 \u00e9l\u00e8ves des deux \u00e9coles de Blausasc et 120 enfants des \u00e9coles de Peillon qui a adh\u00e9r\u00e9 \u00e0 ce projet de cuisine collective. <em>Quel r\u00e9gal\u2026<\/em><\/p>\n<p>&nbsp;<\/p>[\/et_pb_accordion_item][et_pb_accordion_item title=\u00a0\u00bbLA GARDERIE\u00a0\u00bb _builder_version=\u00a0\u00bb4.17.4&Prime; _module_preset=\u00a0\u00bbdefault\u00a0\u00bb global_colors_info=\u00a0\u00bb{}\u00a0\u00bb open=\u00a0\u00bboff\u00a0\u00bb]<p>La garderie s\u2019effectue \u00e0 l\u2019\u00e9cole Maternelle :<\/p>\n<ul>\n<li>la garderie du matin fonctionne \u00e0 partir de 7h30, elle est gratuite ;<\/li>\n<li>la garderie du soir fonctionne de 16h30 \u00e0 18h30\u00a0ou par forfait de garderie mensuelle \u00e0 28\u20acou par carte de garderie de 10 entr\u00e9es \u00e0 20\u20ac la carte.<\/li>\n<\/ul>[\/et_pb_accordion_item][et_pb_accordion_item title=\u00a0\u00bbCADEAUX\u00a0\u00bb _builder_version=\u00a0\u00bb4.17.4&Prime; _module_preset=\u00a0\u00bbdefault\u00a0\u00bb global_colors_info=\u00a0\u00bb{}\u00a0\u00bb open=\u00a0\u00bboff\u00a0\u00bb]<p>En fin d\u2019ann\u00e9e, le CCAS et la municipalit\u00e9 offrent un jouet \u00e0 chaque enfant des \u00e9coles<\/p>\n<p>Toutes les occasions sont bonnes pour g\u00e2ter nos enfants.<\/p>\n<p>No\u00ebl est l\u2019occasion aussi d\u2019offrir un spectacle accompagn\u00e9 d\u2019un go\u00fbter pr\u00e9par\u00e9 par les b\u00e9n\u00e9voles du CCAS \u00e0 la salle des f\u00eates.<\/p>[\/et_pb_accordion_item][\/et_pb_accordion][\/et_pb_column][\/et_pb_row][et_pb_row _builder_version=\u00a0\u00bb4.17.3&Prime; _module_preset=\u00a0\u00bbdefault\u00a0\u00bb global_colors_info=\u00a0\u00bb{}\u00a0\u00bb][et_pb_column type=\u00a0\u00bb4_4&Prime; _builder_version=\u00a0\u00bb4.17.3&Prime; _module_preset=\u00a0\u00bbdefault\u00a0\u00bb global_colors_info=\u00a0\u00bb{}\u00a0\u00bb][et_pb_divider _builder_version=\u00a0\u00bb4.17.4&Prime; _module_preset=\u00a0\u00bbdefault\u00a0\u00bb global_colors_info=\u00a0\u00bb{}\u00a0\u00bb][\/et_pb_divider][\/et_pb_column][\/et_pb_row][\/et_pb_section][et_pb_section fb_built=\u00a0\u00bb1&Prime; _builder_version=\u00a0\u00bb4.16&Prime; _module_preset=\u00a0\u00bbdefault\u00a0\u00bb custom_margin=\u00a0\u00bb1px|||||\u00a0\u00bb link_option_url_new_window=\u00a0\u00bbon\u00a0\u00bb global_colors_info=\u00a0\u00bb{}\u00a0\u00bb][et_pb_row column_structure=\u00a0\u00bb1_3,2_3&Prime; _builder_version=\u00a0\u00bb4.17.3&Prime; _module_preset=\u00a0\u00bbdefault\u00a0\u00bb global_colors_info=\u00a0\u00bb{}\u00a0\u00bb][et_pb_column type=\u00a0\u00bb1_3&Prime; _builder_version=\u00a0\u00bb4.17.3&Prime; _module_preset=\u00a0\u00bbdefault\u00a0\u00bb global_colors_info=\u00a0\u00bb{}\u00a0\u00bb][et_pb_image src=\u00a0\u00bbhttps:\/\/www.blausasc.fr\/wp-content\/uploads\/2022\/06\/ecole-Les-Glycines-2021.jpg\u00a0\u00bb title_text=\u00a0\u00bbecole Les Glycines 2021&Prime; align=\u00a0\u00bbcenter\u00a0\u00bb _builder_version=\u00a0\u00bb4.17.4&Prime; _module_preset=\u00a0\u00bbdefault\u00a0\u00bb global_colors_info=\u00a0\u00bb{}\u00a0\u00bb][\/et_pb_image][\/et_pb_column][et_pb_column type=\u00a0\u00bb2_3&Prime; _builder_version=\u00a0\u00bb4.17.3&Prime; _module_preset=\u00a0\u00bbdefault\u00a0\u00bb global_colors_info=\u00a0\u00bb{}\u00a0\u00bb][et_pb_text _builder_version=\u00a0\u00bb4.25.0&Prime; _module_preset=\u00a0\u00bbdefault\u00a0\u00bb hover_enabled=\u00a0\u00bb0&Prime; global_colors_info=\u00a0\u00bb{}\u00a0\u00bb sticky_enabled=\u00a0\u00bb0&Prime;]<h3><strong>L\u2019\u00c9COLE MATERNELLE \u00ab\u00a0LES GLYCINES\u00a0\u00bb \u00c0 LA POINTE<\/strong><\/h3>\n<h5><span>L&rsquo; \u00e9cole maternelle \u00ab Les Glycines \u00bb a \u00e9t\u00e9 inaugur\u00e9e le 30 ao\u00fbt 2021<\/span><\/h5>\n<p>La municipalit\u00e9 ne cache pas sa fiert\u00e9 d\u2019inaugurer la nouvelle \u00e9cole maternelle \u00a0et <strong><em>sa cuisine certifi\u00e9e Bio<\/em><\/strong>.<\/p>\n<p>Une monumentale structure d\u00e9di\u00e9e aux enfants dont le co\u00fbt s\u2019\u00e9l\u00e8ve \u00e0 3.254 millions d\u2019euros d\u2019investissement.<\/p>\n<p>Quatre classes, une salle de motricit\u00e9, une infirmerie, une cuisine qui aujourd\u2019hui fabrique 500 repas Bio par jour.<\/p>\n<p><strong>Directrice\u00a0<\/strong>:\u00a0Madame Sabrina Petull\u00e0 \u2013 Petite section<\/p>\n<p>Madame Val\u00e9rie Vacchino :\u00a0 Grande section<\/p>\n<p>Monsieur Pierre Marseille:\u00a0 Moyenne section<\/p>\n<p>T\u00e9l\u00e9phone: 04 89 97 87 32<\/p>[\/et_pb_text][\/et_pb_column][\/et_pb_row][et_pb_row _builder_version=\u00a0\u00bb4.17.3&Prime; _module_preset=\u00a0\u00bbdefault\u00a0\u00bb global_colors_info=\u00a0\u00bb{}\u00a0\u00bb][et_pb_column type=\u00a0\u00bb4_4&Prime; _builder_version=\u00a0\u00bb4.17.3&Prime; _module_preset=\u00a0\u00bbdefault\u00a0\u00bb global_colors_info=\u00a0\u00bb{}\u00a0\u00bb][et_pb_divider _builder_version=\u00a0\u00bb4.17.4&Prime; _module_preset=\u00a0\u00bbdefault\u00a0\u00bb global_colors_info=\u00a0\u00bb{}\u00a0\u00bb][\/et_pb_divider][\/et_pb_column][\/et_pb_row][et_pb_row column_structure=\u00a0\u00bb1_3,2_3&Prime; _builder_version=\u00a0\u00bb4.17.3&Prime; _module_preset=\u00a0\u00bbdefault\u00a0\u00bb global_colors_info=\u00a0\u00bb{}\u00a0\u00bb][et_pb_column type=\u00a0\u00bb1_3&Prime; _builder_version=\u00a0\u00bb4.17.3&Prime; _module_preset=\u00a0\u00bbdefault\u00a0\u00bb global_colors_info=\u00a0\u00bb{}\u00a0\u00bb][et_pb_image src=\u00a0\u00bbhttps:\/\/www.blausasc.fr\/wp-content\/uploads\/2022\/06\/ecole-des-Romarins-01.jpg\u00a0\u00bb title_text=\u00a0\u00bbecole des Romarins 01&Prime; align=\u00a0\u00bbcenter\u00a0\u00bb _builder_version=\u00a0\u00bb4.17.4&Prime; _module_preset=\u00a0\u00bbdefault\u00a0\u00bb global_colors_info=\u00a0\u00bb{}\u00a0\u00bb][\/et_pb_image][\/et_pb_column][et_pb_column type=\u00a0\u00bb2_3&Prime; _builder_version=\u00a0\u00bb4.17.3&Prime; _module_preset=\u00a0\u00bbdefault\u00a0\u00bb global_colors_info=\u00a0\u00bb{}\u00a0\u00bb][et_pb_text _builder_version=\u00a0\u00bb4.17.4&Prime; _module_preset=\u00a0\u00bbdefault\u00a0\u00bb global_colors_info=\u00a0\u00bb{}\u00a0\u00bb]<h3><strong>L\u2019ESCOULA D\u00c8I ROUMANI\u00c8U \u2013 \u00c9COLE \u00c9L\u00c9MENTAIRE AU VILLAGE<\/strong><\/h3>\n<p>L\u2019Ecole des Romarins accueille 92 \u00e9l\u00e8ves \u00e0 la rentr\u00e9e 2021\/2022.<\/p>\n<p><em><strong>T\u00e9l\u00e9phone: 04 89 97 86 43<\/strong><\/em><\/p>\n<p>Ce complexe scolaire, devenu un lieu incontournable de la vie Blausascoise et inaugur\u00e9 par la municipalit\u00e9 de Monsieur Michel LOTTIER, a b\u00e9n\u00e9fici\u00e9 d\u2019un agrandissement.<\/p>[\/et_pb_text][\/et_pb_column][\/et_pb_row][et_pb_row _builder_version=\u00a0\u00bb4.17.4&Prime; _module_preset=\u00a0\u00bbdefault\u00a0\u00bb global_colors_info=\u00a0\u00bb{}\u00a0\u00bb][et_pb_column type=\u00a0\u00bb4_4&Prime; _builder_version=\u00a0\u00bb4.17.4&Prime; _module_preset=\u00a0\u00bbdefault\u00a0\u00bb global_colors_info=\u00a0\u00bb{}\u00a0\u00bb][et_pb_text _builder_version=\u00a0\u00bb4.17.4&Prime; _module_preset=\u00a0\u00bbdefault\u00a0\u00bb global_colors_info=\u00a0\u00bb{}\u00a0\u00bb]<p style=\"text-align: justify;\"><strong>A l&rsquo;ext\u00e9rieur :<\/strong><\/p>\n<p style=\"text-align: justify;\"><strong>&#8211; Jardin d\u2019enfants<\/strong> \u00e9quip\u00e9 de jeux \u00e9ducatifs et ludiques pos\u00e9s sur un rev\u00eatement ultra souple con\u00e7u pour l\u2019\u00e9veil des enfants. Le micro-site attenant est en gazon synth\u00e9tique avec panneau de basket et cage de foot recouvert d\u2019un filet de protection o\u00f9 l\u2019on peut s\u2019amuser avec\u00a0 des ballons en mousse.<\/p>\n<p style=\"text-align: justify;\"><strong>A l\u2019int\u00e9rieur :<\/strong><\/p>\n<p style=\"text-align: justify;\"><strong>&#8211; Les cuisines<\/strong> du self-service et la salle des repas r\u00e9pondent aux normes d\u2019hygi\u00e8ne alimentaire et de s\u00e9curit\u00e9 en mati\u00e8re d\u2019\u00e9quipement : Sas de d\u00e9ballage, l\u00e9gumerie,\u00a0 \u00a0envoi des plats et laverie forment un \u00e9quipement de haute qualit\u00e9.<\/p>\n<p style=\"text-align: justify;\"><strong>&#8211; La salle de restauration<\/strong> est totalement ouverte sur l\u2019ext\u00e9rieur par d\u2019immenses baies vitr\u00e9es isol\u00e9es du soleil par des bardages bois pour filtrer les rayons du soleil \u00a0trop directs.<\/p>\n<p style=\"text-align: justify;\"><strong>&#8211; Le tri s\u00e9lectif<\/strong> s\u2019effectue dans la pi\u00e8ce afin de sensibiliser d\u00e8s le plus jeune \u00e2ge, les enfants \u00e0 la r\u00e9partition des d\u00e9chets par des poubelles de couleurs diff\u00e9rentes.<\/p>\n<p style=\"text-align: justify;\"><strong>&#8211; Au premier \u00e9tage<\/strong>, deux nouvelles salles de classe sont accessibles par un ascenseur pour les enfants \u00e0 mobilit\u00e9 r\u00e9duite.<\/p>\n<p style=\"text-align: justify;\">&#8211; Une salle de biblioth\u00e8que, un bureau de direction, une infirmerie, une salle d\u2019animation compl\u00e8tent l\u2019ensemble de cette nouvelle structure communicant avec les anciennes salles de classe dans une parfaite harmonie et jouant la modernit\u00e9 par son agencement recouvert de bardages en bois.<\/p>\n<p style=\"text-align: justify;\"><strong>Directeur:\u00a0Madame Sol\u00e8ne Guyomard<\/strong><br \/>\u201cEsplanade Nicole LOTTIER\u201d<br \/>06440 Blausasc<br \/>T\u00e9l :\u00a004 89 97 86 43<\/p>[\/et_pb_text][\/et_pb_column][\/et_pb_row][et_pb_row _builder_version=\u00a0\u00bb4.17.3&Prime; _module_preset=\u00a0\u00bbdefault\u00a0\u00bb global_colors_info=\u00a0\u00bb{}\u00a0\u00bb][et_pb_column type=\u00a0\u00bb4_4&Prime; _builder_version=\u00a0\u00bb4.17.3&Prime; _module_preset=\u00a0\u00bbdefault\u00a0\u00bb global_colors_info=\u00a0\u00bb{}\u00a0\u00bb][et_pb_divider _builder_version=\u00a0\u00bb4.17.4&Prime; _module_preset=\u00a0\u00bbdefault\u00a0\u00bb global_colors_info=\u00a0\u00bb{}\u00a0\u00bb][\/et_pb_divider][\/et_pb_column][\/et_pb_row][\/et_pb_section]\n","protected":false},"excerpt":{"rendered":"<p>Escoula \u00ab\u00a0d\u00e8i Roumani\u00e8u\u00a0\u00bb \/ Ecole \u00ab\u00a0Les Glycines\u00a0\u00bbLa commune de Blausasc administre 2 \u00e9coles : 1 \u00e9cole primaire qui accueille une centaine d&rsquo;\u00e9l\u00e8ves et l&rsquo;\u00e9cole maternelle qui accueille une cinquantaine d&rsquo;\u00e9l\u00e8ves. Des cours d\u2019\u00e9ducation sportive sont dispens\u00e9s par un \u00e9ducateur sportif dipl\u00f4m\u00e9 de 11h30 \u00e0 13h30 par roulement. L\u2019\u00e9cole est \u00e9quip\u00e9e de l\u2019ENR quatorze ordinateurs portables [&hellip;]<\/p>\n","protected":false},"author":1,"featured_media":0,"parent":0,"menu_order":0,"comment_status":"closed","ping_status":"closed","template":"","meta":{"_et_pb_use_builder":"on","_et_pb_old_content":"","_et_gb_content_width":"","footnotes":""},"class_list":["post-549","page","type-page","status-publish","hentry"],"_links":{"self":[{"href":"https:\/\/www.blausasc.fr\/index.php\/wp-json\/wp\/v2\/pages\/549","targetHints":{"allow":["GET"]}}],"collection":[{"href":"https:\/\/www.blausasc.fr\/index.php\/wp-json\/wp\/v2\/pages"}],"about":[{"href":"https:\/\/www.blausasc.fr\/index.php\/wp-json\/wp\/v2\/types\/page"}],"author":[{"embeddable":true,"href":"https:\/\/www.blausasc.fr\/index.php\/wp-json\/wp\/v2\/users\/1"}],"replies":[{"embeddable":true,"href":"https:\/\/www.blausasc.fr\/index.php\/wp-json\/wp\/v2\/comments?post=549"}],"version-history":[{"count":0,"href":"https:\/\/www.blausasc.fr\/index.php\/wp-json\/wp\/v2\/pages\/549\/revisions"}],"wp:attachment":[{"href":"https:\/\/www.blausasc.fr\/index.php\/wp-json\/wp\/v2\/media?parent=549"}],"curies":[{"name":"wp","href":"https:\/\/api.w.org\/{rel}","templated":true}]}}