{"id":639,"date":"2022-06-19T07:23:47","date_gmt":"2022-06-19T05:23:47","guid":{"rendered":"https:\/\/www.blausasc.fr\/index.php\/infracstructures-sportives-copy\/"},"modified":"2025-04-29T09:50:17","modified_gmt":"2025-04-29T07:50:17","slug":"mediatheque","status":"publish","type":"page","link":"https:\/\/www.blausasc.fr\/index.php\/mediatheque\/","title":{"rendered":"MEDIATHEQUE"},"content":{"rendered":"<p>[et_pb_section fb_built=\u00a0\u00bb1&Prime; _builder_version=\u00a0\u00bb4.17.4&Prime; _module_preset=\u00a0\u00bbdefault\u00a0\u00bb background_image=\u00a0\u00bbhttps:\/\/www.blausasc.fr\/wp-content\/uploads\/2022\/06\/MEDIATHEQUE-WEB.jpg\u00a0\u00bb background_size=\u00a0\u00bbcontain\u00a0\u00bb min_height=\u00a0\u00bb377px\u00a0\u00bb custom_padding=\u00a0\u00bb||176px|||\u00a0\u00bb global_colors_info=\u00a0\u00bb{}\u00a0\u00bb][et_pb_row disabled_on=\u00a0\u00bboff|off|off\u00a0\u00bb _builder_version=\u00a0\u00bb4.16&Prime; _module_preset=\u00a0\u00bbdefault\u00a0\u00bb global_colors_info=\u00a0\u00bb{}\u00a0\u00bb][et_pb_column type=\u00a0\u00bb4_4&Prime; _builder_version=\u00a0\u00bb4.16&Prime; _module_preset=\u00a0\u00bbdefault\u00a0\u00bb global_colors_info=\u00a0\u00bb{}\u00a0\u00bb][et_pb_text disabled_on=\u00a0\u00bboff|off|off\u00a0\u00bb _builder_version=\u00a0\u00bb4.17.4&Prime; _module_preset=\u00a0\u00bbdefault\u00a0\u00bb text_text_color=\u00a0\u00bb#FFFFFF\u00a0\u00bb header_text_color=\u00a0\u00bb#FFFFFF\u00a0\u00bb global_colors_info=\u00a0\u00bb{}\u00a0\u00bb]<\/p>\n<h1 style=\"text-align: center;\"><strong>MEDIATHEQUE<\/strong><\/h1>\n<p>[\/et_pb_text][\/et_pb_column][\/et_pb_row][\/et_pb_section][et_pb_section fb_built=\u00a0\u00bb1&Prime; _builder_version=\u00a0\u00bb4.16&Prime; _module_preset=\u00a0\u00bbdefault\u00a0\u00bb link_option_url_new_window=\u00a0\u00bbon\u00a0\u00bb global_colors_info=\u00a0\u00bb{}\u00a0\u00bb][et_pb_row _builder_version=\u00a0\u00bb4.17.3&Prime; _module_preset=\u00a0\u00bbdefault\u00a0\u00bb global_colors_info=\u00a0\u00bb{}\u00a0\u00bb][et_pb_column type=\u00a0\u00bb4_4&Prime; _builder_version=\u00a0\u00bb4.17.3&Prime; _module_preset=\u00a0\u00bbdefault\u00a0\u00bb global_colors_info=\u00a0\u00bb{}\u00a0\u00bb][et_pb_text _builder_version=\u00a0\u00bb4.27.4&Prime; _module_preset=\u00a0\u00bbdefault\u00a0\u00bb global_colors_info=\u00a0\u00bb{}\u00a0\u00bb]<\/p>\n<p align=\"justify\">Cet espace culturel et de rencontres, cr\u00e9\u00e9 en 1998, est situ\u00e9 \u00e0 la Pointe de Blausasc.<\/p>\n<p align=\"justify\">La M\u00e9diath\u00e8que est constitu\u00e9e de plus de 3000 livres\u00a0<\/p>\n<p align=\"justify\">Connectez-vous directement sur la m\u00e9diath\u00e8que de Blausasc avec le lien ci-dessous:<\/p>\n<p><a href=\"https:\/\/blausasc.mediatheque06.fr\/\">https:\/\/blausasc.mediatheque06.fr\/<\/a><\/p>\n<p><span><em><strong>R\u00e9glement int\u00e9rieur de la m\u00e9dith\u00e8que: <a href=\"https:\/\/www.blausasc.fr\/wp-content\/uploads\/2024\/06\/REGLEMENT-INTERIEUR-MEDIATHEQUE001.pdf\" target=\"_blank\" rel=\"noopener\">cliquez-ici\u00a0<\/a><\/strong><\/em><\/span><\/p>\n<p><span><em><strong>Ouverture de la m\u00e9diath\u00e8que du lundi au vendredi\u00a0\u00a0\u00a0\u00a0\u00a0\u00a0\u00a0\u00a0\u00a0\u00a0\u00a0\u00a0\u00a0\u00a0\u00a0\u00a0\u00a0\u00a0\u00a0\u00a0\u00a0<\/strong><\/em><\/span><\/p>\n<p><span><em><strong>8h30 \u00e0 12h -13h30 \u00e0 16h\u00a0\u00a0\u00a0\u00a0\u00a0<\/strong><\/em><\/span><\/p>\n<div class=\"modcontent\">\n<div class=\"custom hidden-xs hidden-sm\">\n<p><span><strong>M\u00e9diath\u00e8que de Blausasc<\/strong><\/span><\/p>\n<p><span>Adresse : 45 Route d\u00e9partementale 2204<br \/>06440 Blausasc<br \/>04 93 91 20 77<\/span><\/p>\n<\/div>\n<\/div>\n<p>&nbsp;<\/p>\n<blockquote>\n<p><strong>La m\u00e9diath\u00e8que d\u00e9partementale vous propose un bouquet num\u00e9rique 24h\/24 : musique, films, magazines, bandes dessin\u00e9es, formations en tous genres&#8230;<\/strong>\u00a0<\/p>\n<p>Pour y acc\u00e9der et en profiter pleinement, il suffit de vous connecter avec vos identifiants fournis par votre biblioth\u00e8que : saisissez votre num\u00e9ro de carte ou votre adresse mail et votre mot de passe.<\/p>\n<p>Par d\u00e9faut, votre mot de passe est votre date de naissance sous la forme JJMMAAAA, vous devrez le r\u00e9initialiser lors de votre premi\u00e8re connexion.<\/p>\n<\/blockquote>\n<p>Si vous ne poss\u00e9dez pas encore vos identifiants de connexion, veuillez remplir<span>\u00a0<\/span><span><a href=\"https:\/\/www.mediatheque06.fr\/connexion-au-portail-de-la-mediatheque-departementale\" target=\"_self\"><em>le formulaire d&rsquo;inscription<\/em><\/a><\/span><span>.<\/span><\/p>\n<p>Pour un usage optimal, vous pouvez<span>\u00a0<\/span><a href=\"https:\/\/www.mediatheque06.fr\/guides-utilisateurs-ressources-numeriques\" target=\"_blank\" rel=\"noopener\">t\u00e9l\u00e9charger des modes d&#8217;emplois sp\u00e9cifiques<span>\u00a0<\/span><\/a>concernant chaque plateforme composant le bouquet num\u00e9rique 24\/24.<\/p>\n<p>[\/et_pb_text][\/et_pb_column][\/et_pb_row][et_pb_row _builder_version=\u00a0\u00bb4.25.1&Prime; _module_preset=\u00a0\u00bbdefault\u00a0\u00bb custom_padding=\u00a0\u00bb19px|||||\u00a0\u00bb global_colors_info=\u00a0\u00bb{}\u00a0\u00bb][et_pb_column type=\u00a0\u00bb4_4&Prime; _builder_version=\u00a0\u00bb4.17.3&Prime; _module_preset=\u00a0\u00bbdefault\u00a0\u00bb global_colors_info=\u00a0\u00bb{}\u00a0\u00bb][et_pb_accordion _builder_version=\u00a0\u00bb4.27.4&Prime; _module_preset=\u00a0\u00bbdefault\u00a0\u00bb hover_enabled=\u00a0\u00bb0&Prime; global_colors_info=\u00a0\u00bb{}\u00a0\u00bb sticky_enabled=\u00a0\u00bb0&Prime;][et_pb_accordion_item title=\u00a0\u00bbRetrouvez ci-apr\u00e8s les services de la M\u00e9diath\u00e8que \u00e0 la Pointe  et Connectez vous \u00e0 votre bouquet num\u00e9rique\u00a0\u00bb open=\u00a0\u00bbon\u00a0\u00bb _builder_version=\u00a0\u00bb4.27.4&Prime; _module_preset=\u00a0\u00bbdefault\u00a0\u00bb hover_enabled=\u00a0\u00bb0&Prime; global_colors_info=\u00a0\u00bb{}\u00a0\u00bb sticky_enabled=\u00a0\u00bb0&Prime;][\/et_pb_accordion_item][et_pb_accordion_item title=\u00a0\u00bbC\u00f4t\u00e9 livres : 3000 ouvrages\u00a0\u00bb _builder_version=\u00a0\u00bb4.27.4&Prime; _module_preset=\u00a0\u00bbdefault\u00a0\u00bb hover_enabled=\u00a0\u00bb0&Prime; global_colors_info=\u00a0\u00bb{}\u00a0\u00bb open=\u00a0\u00bboff\u00a0\u00bb sticky_enabled=\u00a0\u00bb0&Prime;]<\/p>\n<p>Vous pouvez trouver\u00a0: un fond propre de 1000 livres et 1500 pr\u00eat\u00e9s et renouvel\u00e9s tous les trois mois par le r\u00e9seau de la M\u00e9diath\u00e8que D\u00e9partementale du Conseil G\u00e9n\u00e9ral des Alpes-Maritimes.<\/p>\n<p>Tous les styles sont repr\u00e9sent\u00e9s, aussi bien pour les enfants, la jeunesse et les adultes.<\/p>\n<p>Les ouvrages sont essentiellement des documentaires, des romans de sciences fiction, biographiques, policiers et des \u00e9ditions \u00e0 gros caract\u00e8res ainsi que des BD pour adultes et enfants.<\/p>\n<p>[\/et_pb_accordion_item][et_pb_accordion_item title=\u00a0\u00bbREGARDER des films\u00a0\u00bb _builder_version=\u00a0\u00bb4.27.4&Prime; _module_preset=\u00a0\u00bbdefault\u00a0\u00bb hover_enabled=\u00a0\u00bb0&Prime; global_colors_info=\u00a0\u00bb{}\u00a0\u00bb open=\u00a0\u00bboff\u00a0\u00bb sticky_enabled=\u00a0\u00bb0&Prime;]<\/p>\n<p><strong><img loading=\"lazy\" decoding=\"async\" src=\"https:\/\/www.blausasc.fr\/wp-content\/uploads\/2025\/04\/CINEMA-300x252.jpg\" width=\"300\" height=\"252\" alt=\"\" class=\"wp-image-2170 alignnone size-medium\" \/><\/strong><\/p>\n<p><strong>CVS VOD<\/strong><span>\u00a0est une plateforme de streaming vid\u00e9o pour tous les go\u00fbts !<\/span><br \/><span>La recherche catalogue permet de cibler vos envies, du box-office au film d&rsquo;auteur en passant par les films \u00e9trangers, les documentaires et les dessins anim\u00e9s.<\/span><\/p>\n<ul>\n<li><\/li>\n<\/ul>\n<p>[\/et_pb_accordion_item][et_pb_accordion_item title=\u00a0\u00bbAPPRENDRE \u00e0 son rythme\u00a0\u00bb _builder_version=\u00a0\u00bb4.27.4&Prime; _module_preset=\u00a0\u00bbdefault\u00a0\u00bb hover_enabled=\u00a0\u00bb0&Prime; global_colors_info=\u00a0\u00bb{}\u00a0\u00bb open=\u00a0\u00bboff\u00a0\u00bb sticky_enabled=\u00a0\u00bb0&Prime;]<\/p>\n<div class=\"page-header\">\n<h2><img loading=\"lazy\" decoding=\"async\" src=\"https:\/\/www.blausasc.fr\/wp-content\/uploads\/2025\/04\/autoformation-1-300x252.jpg\" width=\"300\" height=\"252\" alt=\"\" class=\"wp-image-2175 alignnone size-medium\" \/><\/h2>\n<h2><a href=\"https:\/\/portail-test-j5.mediatheque06.fr\/apprendre-a-son-rythme\">Apprendre \u00e0 son rythme<\/a><\/h2>\n<\/div>\n<p><strong>TOUTAPPRENDRE<\/strong><span>\u00a0<\/span>est une plateforme d&rsquo;apprentissage en ligne disposant d&rsquo;un catalogue vari\u00e9 dans de nombreux domaines comme le soutien scolaire, le code de la route, les langues \u00e9trang\u00e8res, l&rsquo;informatique, la cuisine&#8230; mais aussi des romans, des bandes dessin\u00e9es et des livres audio.<\/p>\n<p>[\/et_pb_accordion_item][et_pb_accordion_item title=\u00a0\u00bbS&rsquo;INFORMER avec la presse\u00a0\u00bb _builder_version=\u00a0\u00bb4.27.4&Prime; _module_preset=\u00a0\u00bbdefault\u00a0\u00bb hover_enabled=\u00a0\u00bb0&Prime; sticky_enabled=\u00a0\u00bb0&Prime;]<\/p>\n<div class=\"page-header\">\n<h2><\/h2>\n<h2><a href=\"https:\/\/portail-test-j5.mediatheque06.fr\/sinformer-avec-la-presse\">S&rsquo;informer avec la presse<\/a><\/h2>\n<\/div>\n<p><strong>CAFEYN<\/strong><span>\u00a0<\/span>est un kiosque de presse num\u00e9rique qui propose la lecture en ligne et hors ligne de 1 400 magazines, quotidiens, mensuels et hebdomadaires !<\/p>\n<p>[\/et_pb_accordion_item][\/et_pb_accordion][et_pb_text _builder_version=\u00a0\u00bb4.25.1&Prime; _module_preset=\u00a0\u00bbdefault\u00a0\u00bb global_colors_info=\u00a0\u00bb{}\u00a0\u00bb]<\/p>\n<h3>Vos ressources num\u00e9riques<\/h3>\n<h3>Acc\u00e8s Gratuit 24h\/24<\/h3>\n<p>Cliquez sur le lien ci-dessous pour les adh\u00e9rents de la m\u00e9diath\u00e8que de Blausasc du r\u00e9seau de lecture du D\u00e9partement des Alpes-Maritimes<\/p>\n<p>Comment se connecter ?<\/p>\n<p>Pour vous identifiez, vous entrez votre nom et date de naissance (sans \/ JJMMAAAA), vous serez imm\u00e9diatement redirig\u00e9 et authentifi\u00e9 sur la plateforme de votre choix<\/p>\n<p><a href=\"https:\/\/www.mediatheque06.fr\/le-numerique\/les-ressources-en-ligne#numerique\">https:\/\/www.mediatheque06.fr\/le-numerique\/les-ressources-en-ligne#numerique<\/a><\/p>\n<h3><img loading=\"lazy\" decoding=\"async\" src=\"https:\/\/www.blausasc.fr\/wp-content\/uploads\/2024\/06\/VOD05.png\" width=\"155\" height=\"155\" alt=\"\" class=\"wp-image-1798 alignnone size-full\" srcset=\"https:\/\/www.blausasc.fr\/wp-content\/uploads\/2024\/06\/VOD05.png 300w, https:\/\/www.blausasc.fr\/wp-content\/uploads\/2024\/06\/VOD05-150x150.png 150w\" sizes=\"(max-width: 155px) 100vw, 155px\" \/>\u00a0 \u00a0CVS vod le cim\u00e9na \u00e0 la maison CVS propose une s\u00e9lection de nouveaut\u00e9 tous les moi ! Profitez de 3 films par mois et par adh\u00e9rents<\/h3>\n<p><strong><span>CVS VOD est une plateforme de streaming vid\u00e9o pour tous les go\u00fbts !<br \/>La recherche catalogue permet de cibler vos envies, du box-office au film d&rsquo;auteur en passant par les films \u00e9trangers, les documentaires et les dessins anim\u00e9s.<\/span><\/strong><\/p>\n<p><span>D\u00e9couvrez pr\u00e8s de 15 000 titres, des oeuvres s\u00e9lectionn\u00e9es dans les plus grands festivals, des auteurs incontournables,\u00a0 des courts m\u00e9trages prim\u00e9s aux Festivals internationaux de Clermont-Ferrand, Annecy, et du Cin\u00e9ma du R\u00e9el&#8230;<\/span><\/p>\n<p><span>L&rsquo;acc\u00e8s est possible 7j \/ 7 depuis n&rsquo;importe quel ordinateur (domicile, m\u00e9diath\u00e8que&#8230;), ainsi que sur tablette et smartphone.\u00a0<strong>L&rsquo;application de CVS nomm\u00e9e \u00ab\u00a0Ma M\u00e9di@th\u00e8que\u00a0\u00bb est disponible dans l&rsquo;App Store et le Google Play Store<\/strong>.<\/span><\/p>\n<p><span><img loading=\"lazy\" decoding=\"async\" src=\"https:\/\/www.blausasc.fr\/wp-content\/uploads\/2024\/06\/presse01.png\" width=\"139\" height=\"139\" alt=\"\" class=\"wp-image-1801 alignnone size-full\" srcset=\"https:\/\/www.blausasc.fr\/wp-content\/uploads\/2024\/06\/presse01.png 300w, https:\/\/www.blausasc.fr\/wp-content\/uploads\/2024\/06\/presse01-150x150.png 150w\" sizes=\"(max-width: 139px) 100vw, 139px\" \/><strong><img loading=\"lazy\" decoding=\"async\" src=\"https:\/\/www.mediatheque06.fr\/images\/Ressources_en_lignes\/Cafeyn.png\" alt=\"Cafeyn Petit\" width=\"190\" height=\"64\" \/>\u00a0 C&rsquo;est un kiosque de presse num\u00e9rique qui propose la lecture en ligne et hors ligne de 1 400 magazines, quotidiens, mensuels et hebdomadaires !<\/p>\n<p><\/strong>Profitez de Nice-Matin et des autres presses locales, consultez le dernier num\u00e9ro de vos revues pr\u00e9f\u00e9r\u00e9es, d\u00e9couvrez les parutions sur les sujets qui vous int\u00e9ressent, cherchez des articles d&rsquo;actualit\u00e9 : loisirs cr\u00e9atifs, politique, sports, sujets de soci\u00e9t\u00e9, tendances&#8230;<\/p>\n<p>Les contenus de la plateforme Cafeyn sont mis \u00e0 jour quotidiennement et consultables sur\u00a0ordinateurs de bureau\u00a0et en lecture adapt\u00e9e pour smartphones et tablettes.<br \/><strong>L&rsquo;application Cafeyn est disponible dans l&rsquo;App Store et le Google Play Store<\/strong>.<\/span><\/p>\n<p><span><img loading=\"lazy\" decoding=\"async\" src=\"https:\/\/www.blausasc.fr\/wp-content\/uploads\/2024\/06\/musik02.png\" width=\"136\" height=\"136\" alt=\"\" class=\"wp-image-1802 alignnone size-full\" srcset=\"https:\/\/www.blausasc.fr\/wp-content\/uploads\/2024\/06\/musik02.png 300w, https:\/\/www.blausasc.fr\/wp-content\/uploads\/2024\/06\/musik02-150x150.png 150w\" sizes=\"(max-width: 136px) 100vw, 136px\" \/> <\/span><strong><span><img loading=\"lazy\" decoding=\"async\" src=\"https:\/\/www.mediatheque06.fr\/images\/Ressources_en_lignes\/music.jpg\" alt=\"music\" width=\"99\" height=\"98\" \/>\u00a0 C&rsquo;est un service de musique en ligne qui vous propose l\u2019\u00e9coute d\u2019un catalogue riche et vari\u00e9, \u00e0 la demande ou sous forme de playlists. Disponible o\u00f9 que vous soyez, quand vous le voulez\u2026<\/span><\/strong><\/p>\n<p><span>Naviguez sur les diff\u00e9rentes rubriques (musique, playlists, webradios) ou effectuez une recherche par artiste, titre ou album. Allez plus loin avec \u00ab Ma Musique \u00bb qui est votre espace personnel dans lequel vous pouvez retrouver tous vos coups de c\u0153ur et favoris, les classer par mots cl\u00e9s, retrouver vos playlists\u2026<\/span><\/p>\n<p><span>\u00c9coutez et t\u00e9l\u00e9chargez vos sons pr\u00e9f\u00e9r\u00e9s avec\u00a0<strong>l&rsquo;application mobile disponible dans l&rsquo;App Store et le Google Play Store<\/strong>.<\/span><\/p>\n<p><span><\/span><\/p>\n<p><span>\u00a0<img loading=\"lazy\" decoding=\"async\" src=\"https:\/\/www.blausasc.fr\/wp-content\/uploads\/2024\/06\/formation03.png\" width=\"137\" height=\"137\" alt=\"\" class=\"wp-image-1803 alignnone size-medium\" srcset=\"https:\/\/www.blausasc.fr\/wp-content\/uploads\/2024\/06\/formation03.png 300w, https:\/\/www.blausasc.fr\/wp-content\/uploads\/2024\/06\/formation03-150x150.png 150w\" sizes=\"(max-width: 137px) 100vw, 137px\" \/> \u00a0<\/span><strong><span>C&rsquo;est une plateforme d&rsquo;apprentissage en ligne disposant d&rsquo;un catalogue vari\u00e9 dans de nombreux domaines comme le soutien scolaire, le code de la route, les langues \u00e9trang\u00e8res, l&rsquo;informatique, le multim\u00e9dia, le d\u00e9veloppement personnel, l&rsquo;apprentissage de la musique, la cuisine&#8230;<span class=\"JsGRdQ\">mais aussi des romans, des bandes dessin\u00e9es et des livres audio.<\/span><\/span><\/strong><\/p>\n<p><span>Directement depuis chez vous, vous trouverez ainsi tout ce qu&rsquo;il vous faut pour rester en forme, installer les outils de bureautique n\u00e9cessaires pour le t\u00e9l\u00e9travail ou encore pour profiter d&rsquo;un moment de temps libre et tester une initiation \u00e0 la m\u00e9ditation.<\/span><\/p>\n<p><span>L&rsquo;acc\u00e8s est possible 7j \/ 7 depuis n&rsquo;importe quel ordinateur (domicile, m\u00e9diath\u00e8que&#8230;), ainsi que sur tablette et smartphone.\u00a0<strong>L&rsquo;application est disponible dans l&rsquo;App Store et le Google Play Store<\/strong>.<\/span><\/p>\n<p><span><img loading=\"lazy\" decoding=\"async\" src=\"https:\/\/www.blausasc.fr\/wp-content\/uploads\/2024\/06\/enfant05.png\" width=\"138\" height=\"138\" alt=\"\" class=\"wp-image-1804 alignnone size-medium\" srcset=\"https:\/\/www.blausasc.fr\/wp-content\/uploads\/2024\/06\/enfant05.png 300w, https:\/\/www.blausasc.fr\/wp-content\/uploads\/2024\/06\/enfant05-150x150.png 150w\" sizes=\"(max-width: 138px) 100vw, 138px\" \/><\/span><span><img loading=\"lazy\" decoding=\"async\" src=\"https:\/\/www.mediatheque06.fr\/images\/Ressources_en_lignes\/Story.jpg\" alt=\"Story\" width=\"68\" height=\"52\" \/> <\/span><span><strong>C&rsquo;est une biblioth\u00e8que num\u00e9rique et audio d&rsquo;albums jeunesse pour les enfants de 3 \u00e0 10 ans.<\/strong><\/span><\/p>\n<p><span>Elle compte plus de 1 700 albums (en fran\u00e7ais et langues \u00e9trang\u00e8res), issus des versions papier d&rsquo;une quarantaine d&rsquo;\u00e9diteurs partenaires.<\/span><\/p>\n<p><span>Des fonctionnalit\u00e9s permettent d&rsquo;adapter les textes selon les difficult\u00e9s des lecteurs (grands caract\u00e8res, DYS).<\/span><\/p>\n<p><span>Les histoires peuvent se regarder, s&rsquo;\u00e9couter ou s&rsquo;adapter pour les besoins d&rsquo;apprentissage de la lecture.<\/p>\n<p>L&rsquo;acc\u00e8s est possible 7j \/ 7 depuis n&rsquo;importe quel ordinateur (domicile, m\u00e9diath\u00e8que&#8230;), ainsi que sur tablette et smartphone.\u00a0<strong>L&rsquo;application est disponible dans l&rsquo;App Store et le Google Play Store<\/strong>.<\/span><\/p>\n<p><span> <img loading=\"lazy\" decoding=\"async\" src=\"https:\/\/www.blausasc.fr\/wp-content\/uploads\/2024\/06\/BD05.png\" width=\"127\" height=\"127\" alt=\"\" class=\"wp-image-1805 alignnone size-medium\" srcset=\"https:\/\/www.blausasc.fr\/wp-content\/uploads\/2024\/06\/BD05.png 300w, https:\/\/www.blausasc.fr\/wp-content\/uploads\/2024\/06\/BD05-150x150.png 150w\" sizes=\"(max-width: 127px) 100vw, 127px\" \/> \u00a0<\/span><strong><span><img loading=\"lazy\" decoding=\"async\" src=\"https:\/\/www.mediatheque06.fr\/images\/Ressources_en_lignes\/izneo.png\" alt=\"izneo\" width=\"189\" height=\"69\" \/>\u00a0 \u00a0 C&rsquo;est un catalogue de plus de 6 000 bandes dessin\u00e9es en ligne enrichi tous les mois. Le service propose les grands classiques, les suites de s\u00e9ries mais aussi les sorties r\u00e9centes dans tous les styles, polar, historique, jeunesse, heroic fantasy, manga, humour, etc.<\/span><\/strong><\/p>\n<p><span>Retrouvez tous vos h\u00e9ros pr\u00e9f\u00e9r\u00e9s : XIII, Largo Winch, Thorgal, Spirou &amp; Fantasio&#8230; pour une nouvelle exp\u00e9rience de lecture en mode eazycomics case par case, HD plein \u00e9cran ou d\u00e9filement vertical ; choisissez le mode de lecture qui vous convient.<\/span><\/p>\n<p><span>L&rsquo;acc\u00e8s est possible 7j \/ 7 depuis n&rsquo;importe quel ordinateur (domicile, m\u00e9diath\u00e8que&#8230;), ainsi que sur tablette et smartphone.\u00a0<strong>L&rsquo;application \u00ab\u00a0Ma M\u00e9di@th\u00e8que\u00a0\u00bb est disponible dans l&rsquo;App Store et le Google Play Store<\/strong>.<\/span><\/p>\n<p>[\/et_pb_text][\/et_pb_column][\/et_pb_row][\/et_pb_section]<\/p>\n","protected":false},"excerpt":{"rendered":"<p>MEDIATHEQUECet espace culturel et de rencontres, cr\u00e9\u00e9 en 1998, est situ\u00e9 \u00e0 la Pointe de Blausasc. La M\u00e9diath\u00e8que est constitu\u00e9e de plus de 3000 livres\u00a0 Connectez-vous directement sur la m\u00e9diath\u00e8que de Blausasc avec le lien ci-dessous: https:\/\/blausasc.mediatheque06.fr\/ R\u00e9glement int\u00e9rieur de la m\u00e9dith\u00e8que: cliquez-ici\u00a0 Ouverture de la m\u00e9diath\u00e8que du lundi au vendredi\u00a0\u00a0\u00a0\u00a0\u00a0\u00a0\u00a0\u00a0\u00a0\u00a0\u00a0\u00a0\u00a0\u00a0\u00a0\u00a0\u00a0\u00a0\u00a0\u00a0\u00a0 8h30 \u00e0 12h -13h30 [&hellip;]<\/p>\n","protected":false},"author":1,"featured_media":0,"parent":0,"menu_order":0,"comment_status":"closed","ping_status":"closed","template":"","meta":{"_et_pb_use_builder":"on","_et_pb_old_content":"","_et_gb_content_width":"","footnotes":""},"class_list":["post-639","page","type-page","status-publish","hentry"],"_links":{"self":[{"href":"https:\/\/www.blausasc.fr\/index.php\/wp-json\/wp\/v2\/pages\/639","targetHints":{"allow":["GET"]}}],"collection":[{"href":"https:\/\/www.blausasc.fr\/index.php\/wp-json\/wp\/v2\/pages"}],"about":[{"href":"https:\/\/www.blausasc.fr\/index.php\/wp-json\/wp\/v2\/types\/page"}],"author":[{"embeddable":true,"href":"https:\/\/www.blausasc.fr\/index.php\/wp-json\/wp\/v2\/users\/1"}],"replies":[{"embeddable":true,"href":"https:\/\/www.blausasc.fr\/index.php\/wp-json\/wp\/v2\/comments?post=639"}],"version-history":[{"count":2,"href":"https:\/\/www.blausasc.fr\/index.php\/wp-json\/wp\/v2\/pages\/639\/revisions"}],"predecessor-version":[{"id":2176,"href":"https:\/\/www.blausasc.fr\/index.php\/wp-json\/wp\/v2\/pages\/639\/revisions\/2176"}],"wp:attachment":[{"href":"https:\/\/www.blausasc.fr\/index.php\/wp-json\/wp\/v2\/media?parent=639"}],"curies":[{"name":"wp","href":"https:\/\/api.w.org\/{rel}","templated":true}]}}