{"id":702,"date":"2022-06-22T13:35:33","date_gmt":"2022-06-22T11:35:33","guid":{"rendered":"https:\/\/www.blausasc.fr\/index.php\/actions-sociales-copy\/"},"modified":"2023-10-23T18:10:47","modified_gmt":"2023-10-23T16:10:47","slug":"demarches-administratives","status":"publish","type":"page","link":"https:\/\/www.blausasc.fr\/index.php\/demarches-administratives\/","title":{"rendered":"DEMARCHES ADMINISTRATIVES"},"content":{"rendered":"<p>[et_pb_section fb_built=\u00a0\u00bb1&Prime; _builder_version=\u00a0\u00bb4.17.4&Prime; _module_preset=\u00a0\u00bbdefault\u00a0\u00bb background_image=\u00a0\u00bbhttps:\/\/www.blausasc.fr\/wp-content\/uploads\/2022\/06\/demarche-adm.png\u00a0\u00bb background_size=\u00a0\u00bbcontain\u00a0\u00bb min_height=\u00a0\u00bb377px\u00a0\u00bb custom_padding=\u00a0\u00bb||176px|||\u00a0\u00bb global_colors_info=\u00a0\u00bb{}\u00a0\u00bb][et_pb_row disabled_on=\u00a0\u00bbon|on|on\u00a0\u00bb _builder_version=\u00a0\u00bb4.16&Prime; _module_preset=\u00a0\u00bbdefault\u00a0\u00bb disabled=\u00a0\u00bbon\u00a0\u00bb global_colors_info=\u00a0\u00bb{}\u00a0\u00bb][et_pb_column type=\u00a0\u00bb4_4&Prime; _builder_version=\u00a0\u00bb4.16&Prime; _module_preset=\u00a0\u00bbdefault\u00a0\u00bb global_colors_info=\u00a0\u00bb{}\u00a0\u00bb][et_pb_text _builder_version=\u00a0\u00bb4.17.3&Prime; _module_preset=\u00a0\u00bbdefault\u00a0\u00bb text_text_color=\u00a0\u00bb#FFFFFF\u00a0\u00bb header_text_color=\u00a0\u00bb#FFFFFF\u00a0\u00bb global_colors_info=\u00a0\u00bb{}\u00a0\u00bb]<\/p>\n<h1 style=\"text-align: center\"><strong>ACTION SOCIALE<\/strong><\/h1>\n<p>[\/et_pb_text][\/et_pb_column][\/et_pb_row][\/et_pb_section][et_pb_section fb_built=\u00a0\u00bb1&Prime; _builder_version=\u00a0\u00bb4.16&Prime; _module_preset=\u00a0\u00bbdefault\u00a0\u00bb link_option_url_new_window=\u00a0\u00bbon\u00a0\u00bb global_colors_info=\u00a0\u00bb{}\u00a0\u00bb][et_pb_row _builder_version=\u00a0\u00bb4.17.3&Prime; _module_preset=\u00a0\u00bbdefault\u00a0\u00bb global_colors_info=\u00a0\u00bb{}\u00a0\u00bb][et_pb_column type=\u00a0\u00bb4_4&Prime; _builder_version=\u00a0\u00bb4.17.3&Prime; _module_preset=\u00a0\u00bbdefault\u00a0\u00bb global_colors_info=\u00a0\u00bb{}\u00a0\u00bb][et_pb_accordion _builder_version=\u00a0\u00bb4.17.4&Prime; _module_preset=\u00a0\u00bbdefault\u00a0\u00bb global_colors_info=\u00a0\u00bb{}\u00a0\u00bb][et_pb_accordion_item title=\u00a0\u00bbLes formalit\u00e9s administratives sont nombreuses et vari\u00e9es.  Afin de vous aider dans l\u2019accomplissement de vos d\u00e9marches, vous trouverez, prochainement, ci-apr\u00e8s le nom des services ainsi que la liste des pi\u00e8ces \u00e0 fournir pour chacune d\u2019elle. \u00a0\u00bb open=\u00a0\u00bbon\u00a0\u00bb open_toggle_text_color=\u00a0\u00bb#000000&Prime; _builder_version=\u00a0\u00bb4.17.4&Prime; _module_preset=\u00a0\u00bbdefault\u00a0\u00bb global_colors_info=\u00a0\u00bb{}\u00a0\u00bb toggle_text_color=\u00a0\u00bb#000000&Prime; toggle_font=\u00a0\u00bb||||||||\u00a0\u00bb toggle_text_align=\u00a0\u00bbjustify\u00a0\u00bb][\/et_pb_accordion_item][et_pb_accordion_item title=\u00a0\u00bbEspace Service-Public.fr\u00a0\u00bb open=\u00a0\u00bboff\u00a0\u00bb open_toggle_text_color=\u00a0\u00bb#000000&Prime; _builder_version=\u00a0\u00bb4.17.4&Prime; _module_preset=\u00a0\u00bbdefault\u00a0\u00bb global_colors_info=\u00a0\u00bb{}\u00a0\u00bb toggle_text_color=\u00a0\u00bb#000000&Prime; toggle_font=\u00a0\u00bb||||||||\u00a0\u00bb toggle_text_align=\u00a0\u00bbjustify\u00a0\u00bb]<\/p>\n<p><span>Service Public vous informe et vous oriente vers les services qui permettent de conna\u00eetre vos obligations,<\/span><\/p>\n<p><span>d&rsquo;exercer vos droits et de faire vos d\u00e9marches du quotidien.<\/span><\/p>\n<p>Acc\u00e9dez au site <a href=\"https:\/\/www.service-public.fr\/\" target=\"_blank\" rel=\"noopener\">Service-Public.fr<\/a><\/p>\n<p>[\/et_pb_accordion_item][et_pb_accordion_item title=\u00a0\u00bbINFORMATION SUR LA VALIDIT\u00c9 DE LA CARTE NATIONALE D\u2019IDENTIT\u00c9\u00a0\u00bb open=\u00a0\u00bboff\u00a0\u00bb open_toggle_text_color=\u00a0\u00bb#000000&Prime; _builder_version=\u00a0\u00bb4.17.4&Prime; _module_preset=\u00a0\u00bbdefault\u00a0\u00bb global_colors_info=\u00a0\u00bb{}\u00a0\u00bb toggle_text_color=\u00a0\u00bb#000000&Prime; toggle_font=\u00a0\u00bb|800|||||||\u00a0\u00bb]<\/p>\n<p>La carte nationale d\u2019identit\u00e9 est valide 15 ans depuis le 1er janvier 2014.\u00a0 Elle passe de 10 \u00e0 15 ans pour les personnes majeures. L\u2019allongement de cinq ans pour les cartes d\u2019identit\u00e9 concerne :- les nouvelles cartes d\u2019identit\u00e9 s\u00e9curis\u00e9es (cartes plastifi\u00e9es) d\u00e9livr\u00e9es \u00e0 partir du 1er janvier 2014 \u00e0 des personnes majeures. \u2013 les cartes d\u2019identit\u00e9 s\u00e9curis\u00e9es d\u00e9livr\u00e9es (cartes plastifi\u00e9es) entre le 2 janvier 2004 et le 31 d\u00e9cembre 2013 \u00e0 des personnes majeures.<\/p>\n<p><span style=\"color: #ff0000;\"><strong><span style=\"text-decoration: underline;\"><i>ATTENTION :<\/i><\/span><\/strong>\u00a0Cette prolongation ne s\u2019applique pas aux cartes nationales d\u2019identit\u00e9 s\u00e9curis\u00e9es pour les personnes mineures. Elles seront valables 10 ans \u00e0 compter de la d\u00e9livrance.<\/span><\/p>\n<p>Si votre carte d\u2019identit\u00e9 a \u00e9t\u00e9 d\u00e9livr\u00e9e entre le 2 janvier 2004 et le 31 d\u00e9cembre 2013, la prolongation de 5 ans de la validit\u00e9 de votre carte est automatique. Elle ne n\u00e9cessite<\/p>\n<p>aucune d\u00e9marche particuli\u00e8re. La date de validit\u00e9 inscrite sur le titre ne sera pas modifi\u00e9e. Les informations relatives \u00e0 cette prolongation sont disponibles sur les sites service-public.fr\u00a0 et interieur.gouv.fr ainsi qu\u2019au 39 39.<\/p>\n<p><b><i>Si vous projetez de voyager avec votre carte nationale d\u2019identit\u00e9, il est recommand\u00e9 de consulter au pr\u00e9alable la rubrique Conseils aux voyageurs du minist\u00e8re des Affaires \u00e9trang\u00e8res via le lien ci-dessous :<\/i><\/b><\/p>\n<p><a href=\"https:\/\/www.diplomatie.gouv.fr\/fr\/conseils-aux-voyageurs\/\" target=\"_blank\" rel=\"noopener\">https:\/\/www.diplomatie.gouv.fr\/fr\/conseils-aux-voyageurs\/<\/a><\/p>\n<p>[\/et_pb_accordion_item][\/et_pb_accordion][\/et_pb_column][\/et_pb_row][et_pb_row _builder_version=\u00a0\u00bb4.22.2&Prime; _module_preset=\u00a0\u00bbdefault\u00a0\u00bb][et_pb_column _builder_version=\u00a0\u00bb4.22.2&Prime; _module_preset=\u00a0\u00bbdefault\u00a0\u00bb type=\u00a0\u00bb4_4&Prime;][et_pb_text _builder_version=\u00a0\u00bb4.22.2&Prime; _module_preset=\u00a0\u00bbdefault\u00a0\u00bb hover_enabled=\u00a0\u00bb0&Prime; sticky_enabled=\u00a0\u00bb0&Prime; custom_padding=\u00a0\u00bb||0px|||\u00a0\u00bb]<\/p>\n<h2><strong>CARTES GRISES : D\u00e9tails et mises \u00e0 jour\u00a0<\/strong><\/h2>\n<p><strong>Carte Grise en 2023 : D\u00e9tails et Mises \u00e0 Jour<\/strong><\/p>\n<p>Dor\u00e9navant, l&rsquo;ensemble des requ\u00eates associ\u00e9es \u00e0 la carte grise de votre automobile doivent \u00eatre effectu\u00e9es sur le <strong><em><span style=\"text-decoration: underline;\">portail officiel de l&rsquo;ANTS,<\/span><\/em><\/strong> via le lien :\u00a0<a href=\"https:\/\/immatriculation.ants.gouv.fr\/\">https:\/\/immatriculation.ants.gouv.fr<\/a>. <span style=\"font-size: large;\"><strong>Autrefois trait\u00e9es par les pr\u00e9fectures, les actions telles que les demandes de cartes grises, les changements d&rsquo;adresse, ou toute autre question pertinente, sont maintenant de la comp\u00e9tence de l&rsquo;ANTS et doivent \u00eatre g\u00e9r\u00e9es en ligne,<span style=\"color: #e02b20;\"> en vous connectant \u00e0 votre compte France Connect.<\/span><\/strong><\/span><\/p>\n<p>Si vous rencontrez des complications lors de vos transactions en ligne, vous pouvez solliciter l&rsquo;assistance des maisons France Services, initi\u00e9es par l&rsquo;\u00c9tat. Ces points d&rsquo;accueil publics disposent de sp\u00e9cialistes pr\u00eats \u00e0 vous guider dans ces d\u00e9marches, un accompagnement qui est enti\u00e8rement sans frais, puisqu&rsquo;il s&rsquo;agit d&rsquo;un service de l&rsquo;\u00c9tat. En outre, d&rsquo;autres options d&rsquo;assistance et d&rsquo;informations, y compris celles propos\u00e9es par des garages homologu\u00e9s (pour plus d&rsquo;informations concernant les garages dans le d\u00e9partement 51, notamment \u00ab\u00a0<a href=\"https:\/\/www.vroomly.com\/garage-nice\/\">garage Nice<\/a>\u00ab\u00a0), sont \u00e0 votre disposition. Vous y obtiendrez des pr\u00e9cisions sur les modifications introduites en 2023, notamment les variations possibles dans le tarif de la carte grise de votre v\u00e9hicule.<\/p>\n<p>Ce tarif pourrait avoir subi une \u00e9l\u00e9vation due \u00e0 plusieurs facteurs, comme le repositionnement \u00e0 la baisse du seuil du malus \u00e9cologique, impactant principalement les v\u00e9hicules anciens et davantage polluants. Par ailleurs, la R\u00e9gion pourrait avoir revu \u00e0 la hausse la taxe r\u00e9gionale li\u00e9e \u00e0 la carte grise. Pour une information plus exhaustive, n&rsquo;h\u00e9sitez pas \u00e0 consulter le site de l&rsquo;ANTS.<\/p>\n<p><strong>R\u00e9f\u00e9rences pratiques :<\/strong><\/p>\n<ul>\n<li>Pour l&rsquo;immatriculation :\u00a0<a href=\"https:\/\/immatriculation.ants.gouv.fr\/\">https:\/\/immatriculation.ants.gouv.fr\/<\/a><\/li>\n<li>Pour le permis de conduire :\u00a0<a href=\"https:\/\/permisdeconduire.ants.gouv.fr\/\">https:\/\/permisdeconduire.ants.gouv.fr\/<\/a><\/li>\n<li>Pour la carte d&rsquo;identit\u00e9 et le passeport :\u00a0<a href=\"https:\/\/passeport.ants.gouv.fr\/\">https:\/\/passeport.ants.gouv.fr\/<\/a><\/li>\n<li>Pour prendre un rendez-vous en ligne :\u00a0<a href=\"https:\/\/rendezvouspasseport.ants.gouv.fr\/\">https:\/\/rendezvouspasseport.ants.gouv.fr\/<\/a><\/li>\n<\/ul>\n<p>&nbsp;<\/p>\n<p>[\/et_pb_text][\/et_pb_column][\/et_pb_row][\/et_pb_section]<\/p>\n","protected":false},"excerpt":{"rendered":"<p>ACTION SOCIALEService Public vous informe et vous oriente vers les services qui permettent de conna\u00eetre vos obligations, d&rsquo;exercer vos droits et de faire vos d\u00e9marches du quotidien. Acc\u00e9dez au site Service-Public.frLa carte nationale d\u2019identit\u00e9 est valide 15 ans depuis le 1er janvier 2014.\u00a0 Elle passe de 10 \u00e0 15 ans pour les personnes majeures. L\u2019allongement [&hellip;]<\/p>\n","protected":false},"author":1,"featured_media":0,"parent":0,"menu_order":0,"comment_status":"closed","ping_status":"closed","template":"","meta":{"_et_pb_use_builder":"on","_et_pb_old_content":"","_et_gb_content_width":"","footnotes":""},"class_list":["post-702","page","type-page","status-publish","hentry"],"_links":{"self":[{"href":"https:\/\/www.blausasc.fr\/index.php\/wp-json\/wp\/v2\/pages\/702","targetHints":{"allow":["GET"]}}],"collection":[{"href":"https:\/\/www.blausasc.fr\/index.php\/wp-json\/wp\/v2\/pages"}],"about":[{"href":"https:\/\/www.blausasc.fr\/index.php\/wp-json\/wp\/v2\/types\/page"}],"author":[{"embeddable":true,"href":"https:\/\/www.blausasc.fr\/index.php\/wp-json\/wp\/v2\/users\/1"}],"replies":[{"embeddable":true,"href":"https:\/\/www.blausasc.fr\/index.php\/wp-json\/wp\/v2\/comments?post=702"}],"version-history":[{"count":0,"href":"https:\/\/www.blausasc.fr\/index.php\/wp-json\/wp\/v2\/pages\/702\/revisions"}],"wp:attachment":[{"href":"https:\/\/www.blausasc.fr\/index.php\/wp-json\/wp\/v2\/media?parent=702"}],"curies":[{"name":"wp","href":"https:\/\/api.w.org\/{rel}","templated":true}]}}