{"id":763,"date":"2022-06-22T17:25:52","date_gmt":"2022-06-22T15:25:52","guid":{"rendered":"https:\/\/www.blausasc.fr\/index.php\/actions-sociales-copy\/"},"modified":"2022-06-22T18:15:19","modified_gmt":"2022-06-22T16:15:19","slug":"transports","status":"publish","type":"page","link":"https:\/\/www.blausasc.fr\/index.php\/transports\/","title":{"rendered":"TRANSPORTS"},"content":{"rendered":"<p>[et_pb_section fb_built=\u00a0\u00bb1&Prime; _builder_version=\u00a0\u00bb4.17.4&Prime; _module_preset=\u00a0\u00bbdefault\u00a0\u00bb background_image=\u00a0\u00bbhttps:\/\/www.blausasc.fr\/wp-content\/uploads\/2022\/06\/Logo_zou-1024&#215;354.jpg\u00a0\u00bb background_size=\u00a0\u00bbcontain\u00a0\u00bb min_height=\u00a0\u00bb377px\u00a0\u00bb custom_padding=\u00a0\u00bb||176px|||\u00a0\u00bb global_colors_info=\u00a0\u00bb{}\u00a0\u00bb][et_pb_row disabled_on=\u00a0\u00bbon|on|on\u00a0\u00bb _builder_version=\u00a0\u00bb4.16&Prime; _module_preset=\u00a0\u00bbdefault\u00a0\u00bb disabled=\u00a0\u00bbon\u00a0\u00bb global_colors_info=\u00a0\u00bb{}\u00a0\u00bb][et_pb_column type=\u00a0\u00bb4_4&Prime; _builder_version=\u00a0\u00bb4.16&Prime; _module_preset=\u00a0\u00bbdefault\u00a0\u00bb global_colors_info=\u00a0\u00bb{}\u00a0\u00bb][et_pb_text _builder_version=\u00a0\u00bb4.17.3&Prime; _module_preset=\u00a0\u00bbdefault\u00a0\u00bb text_text_color=\u00a0\u00bb#FFFFFF\u00a0\u00bb header_text_color=\u00a0\u00bb#FFFFFF\u00a0\u00bb global_colors_info=\u00a0\u00bb{}\u00a0\u00bb]<\/p>\n<h1 style=\"text-align: center\"><strong>ACTION SOCIALE<\/strong><\/h1>\n<p>[\/et_pb_text][\/et_pb_column][\/et_pb_row][\/et_pb_section][et_pb_section fb_built=\u00a0\u00bb1&Prime; _builder_version=\u00a0\u00bb4.16&Prime; _module_preset=\u00a0\u00bbdefault\u00a0\u00bb link_option_url_new_window=\u00a0\u00bbon\u00a0\u00bb global_colors_info=\u00a0\u00bb{}\u00a0\u00bb][et_pb_row _builder_version=\u00a0\u00bb4.17.3&Prime; _module_preset=\u00a0\u00bbdefault\u00a0\u00bb global_colors_info=\u00a0\u00bb{}\u00a0\u00bb][et_pb_column type=\u00a0\u00bb4_4&Prime; _builder_version=\u00a0\u00bb4.17.3&Prime; _module_preset=\u00a0\u00bbdefault\u00a0\u00bb global_colors_info=\u00a0\u00bb{}\u00a0\u00bb][et_pb_text _builder_version=\u00a0\u00bb4.17.4&Prime; _module_preset=\u00a0\u00bbdefault\u00a0\u00bb hover_enabled=\u00a0\u00bb0&Prime; global_colors_info=\u00a0\u00bb{}\u00a0\u00bb sticky_enabled=\u00a0\u00bb0&Prime;]<\/p>\n<h2><strong>LA CARTE ZOU<\/strong><\/h2>\n<p>La\u00a0carte ZOU\u00a0est une carte d\u00e9livr\u00e9e par la SNCF valable pendant 5 ans et disponible sur les r\u00e9seaux :<\/p>\n<p>\u2022 Trains Express R\u00e9gionaux (TER)<br \/>\u2022 Lignes Express R\u00e9gionales (LER)<br \/>\u2022 Chemin de fer de Provence (CP)<\/p>\n<p>Pour plus d\u2019informations et pour pouvoir remplir le formulaire de demande de la carte ZOU vous pouvez vous rendre directement sur le site TER PACA:<\/p>\n<p><a href=\"https:\/\/www.ter.sncf.com\/paca\/offres\/cartes-abonnements\/demandez-votre-carte-zou\" target=\"_blank\" rel=\"noopener\">https:\/\/www.ter.sncf.com\/paca\/offres\/cartes-abonnements\/demandez-votre-carte-zou<\/a><\/p>\n<p>&#8212;<\/p>\n<h2><strong>HORAIRES DE BUS<\/strong><\/h2>\n<p>Horaires des bus et navette entre Nice et Luc\u00e8ram Ligne 340\/360 \u2013 mise \u00e0 jour 06\/2022 (infos directes des prestataires) :<\/p>\n<p><a href=\"https:\/\/www.departement06.fr\/documents\/A-votre-service\/Deplacements\/transports-en-commun\/paillons\/cg06-transports_lignes_paillon_340.pdf\" target=\"_blank\" rel=\"noopener\">Ligne 340 : Luc\u00e9ram &gt; Nice \/ Nice &gt; Luc\u00e9ram<\/a><\/p>\n<p><a href=\"https:\/\/www.departement06.fr\/documents\/A-votre-service\/Deplacements\/transports-en-commun\/paillons\/cg06-transports_lignes_paillon_360S.pdf\" target=\"_blank\" rel=\"noopener\">Ligne 304 : Le Tou\u00ebt &gt; Drap \/ Drap &gt; Le Tou\u00ebt<\/a><\/p>\n<p><a href=\"https:\/\/www.departement06.fr\/documents\/A-votre-service\/Deplacements\/transports-en-commun\/paillons\/cg06-transports_lignes_paillon_360S.pdf\" target=\"_blank\" rel=\"noopener\">Ligne 360S : L&rsquo;Escar\u00e8ne &gt; Nice par la Grave \/ Nice &gt; <\/a><a href=\"https:\/\/www.departement06.fr\/documents\/A-votre-service\/Deplacements\/transports-en-commun\/paillons\/cg06-transports_lignes_paillon_360S.pdf\" target=\"_blank\" rel=\"noopener\">L&rsquo;Escar\u00e8ne par La Grave<\/a><a href=\"https:\/\/www.departement06.fr\/documents\/A-votre-service\/Deplacements\/transports-en-commun\/paillons\/cg06-transports_lignes_paillon_360S.pdf\" target=\"_blank\" rel=\"noopener\"><\/a><\/p>\n<p>&#8212;<\/p>\n<h2><strong>HORAIRES DE TRAINS<\/strong><\/h2>\n<p><strong>Consultez les fiches horaires des trains d\u00e9parts\/arriv\u00e9es proche de Blausasc : Ligne 5 : Nice&lt;&gt;Tende-par Breil sur Roya<\/strong><\/p>\n<p><a href=\"https:\/\/m.ter.sncf.com\/sud-provence-alpes-cote-d-azur\/se-deplacer\/fiches-horaires\" target=\"_blank\" rel=\"noopener\">SNCF &#8211; TER &#8211; Rechercher une fiche horaire<\/a><\/p>\n<p>[\/et_pb_text][\/et_pb_column][\/et_pb_row][\/et_pb_section]<\/p>\n","protected":false},"excerpt":{"rendered":"<p>ACTION SOCIALELA CARTE ZOU La\u00a0carte ZOU\u00a0est une carte d\u00e9livr\u00e9e par la SNCF valable pendant 5 ans et disponible sur les r\u00e9seaux : \u2022 Trains Express R\u00e9gionaux (TER)\u2022 Lignes Express R\u00e9gionales (LER)\u2022 Chemin de fer de Provence (CP) Pour plus d\u2019informations et pour pouvoir remplir le formulaire de demande de la carte ZOU vous pouvez vous [&hellip;]<\/p>\n","protected":false},"author":1,"featured_media":0,"parent":0,"menu_order":0,"comment_status":"closed","ping_status":"closed","template":"","meta":{"_et_pb_use_builder":"on","_et_pb_old_content":"","_et_gb_content_width":"","footnotes":""},"class_list":["post-763","page","type-page","status-publish","hentry"],"_links":{"self":[{"href":"https:\/\/www.blausasc.fr\/index.php\/wp-json\/wp\/v2\/pages\/763","targetHints":{"allow":["GET"]}}],"collection":[{"href":"https:\/\/www.blausasc.fr\/index.php\/wp-json\/wp\/v2\/pages"}],"about":[{"href":"https:\/\/www.blausasc.fr\/index.php\/wp-json\/wp\/v2\/types\/page"}],"author":[{"embeddable":true,"href":"https:\/\/www.blausasc.fr\/index.php\/wp-json\/wp\/v2\/users\/1"}],"replies":[{"embeddable":true,"href":"https:\/\/www.blausasc.fr\/index.php\/wp-json\/wp\/v2\/comments?post=763"}],"version-history":[{"count":0,"href":"https:\/\/www.blausasc.fr\/index.php\/wp-json\/wp\/v2\/pages\/763\/revisions"}],"wp:attachment":[{"href":"https:\/\/www.blausasc.fr\/index.php\/wp-json\/wp\/v2\/media?parent=763"}],"curies":[{"name":"wp","href":"https:\/\/api.w.org\/{rel}","templated":true}]}}