{"id":784,"date":"2022-06-22T18:16:36","date_gmt":"2022-06-22T16:16:36","guid":{"rendered":"https:\/\/www.blausasc.fr\/index.php\/actions-sociales-copy\/"},"modified":"2022-06-22T18:54:19","modified_gmt":"2022-06-22T16:54:19","slug":"tri-selectif","status":"publish","type":"page","link":"https:\/\/www.blausasc.fr\/index.php\/tri-selectif\/","title":{"rendered":"TRI SELECTIF"},"content":{"rendered":"<p>[et_pb_section fb_built=\u00a0\u00bb1&Prime; _builder_version=\u00a0\u00bb4.17.4&Prime; _module_preset=\u00a0\u00bbdefault\u00a0\u00bb background_image=\u00a0\u00bbhttps:\/\/www.blausasc.fr\/wp-content\/uploads\/2022\/06\/tri_selectif01.jpg\u00a0\u00bb background_size=\u00a0\u00bbcontain\u00a0\u00bb min_height=\u00a0\u00bb377px\u00a0\u00bb custom_padding=\u00a0\u00bb||176px|||\u00a0\u00bb global_colors_info=\u00a0\u00bb{}\u00a0\u00bb][et_pb_row disabled_on=\u00a0\u00bboff|off|off\u00a0\u00bb _builder_version=\u00a0\u00bb4.16&Prime; _module_preset=\u00a0\u00bbdefault\u00a0\u00bb global_colors_info=\u00a0\u00bb{}\u00a0\u00bb][et_pb_column type=\u00a0\u00bb4_4&Prime; _builder_version=\u00a0\u00bb4.16&Prime; _module_preset=\u00a0\u00bbdefault\u00a0\u00bb global_colors_info=\u00a0\u00bb{}\u00a0\u00bb][et_pb_text _builder_version=\u00a0\u00bb4.17.4&Prime; _module_preset=\u00a0\u00bbdefault\u00a0\u00bb text_text_color=\u00a0\u00bb#FFFFFF\u00a0\u00bb header_text_color=\u00a0\u00bb#FFFFFF\u00a0\u00bb custom_margin=\u00a0\u00bb152px||0px||false|false\u00a0\u00bb global_colors_info=\u00a0\u00bb{}\u00a0\u00bb]<\/p>\n<h1 style=\"text-align: center;\"><span style=\"color: #99cc00;\"><strong>LE TRI SELECTIF<\/strong><\/span><\/h1>\n<p>[\/et_pb_text][\/et_pb_column][\/et_pb_row][\/et_pb_section][et_pb_section fb_built=\u00a0\u00bb1&Prime; _builder_version=\u00a0\u00bb4.16&Prime; _module_preset=\u00a0\u00bbdefault\u00a0\u00bb link_option_url_new_window=\u00a0\u00bbon\u00a0\u00bb global_colors_info=\u00a0\u00bb{}\u00a0\u00bb][et_pb_row _builder_version=\u00a0\u00bb4.17.3&Prime; _module_preset=\u00a0\u00bbdefault\u00a0\u00bb global_colors_info=\u00a0\u00bb{}\u00a0\u00bb][et_pb_column type=\u00a0\u00bb4_4&Prime; _builder_version=\u00a0\u00bb4.17.3&Prime; _module_preset=\u00a0\u00bbdefault\u00a0\u00bb global_colors_info=\u00a0\u00bb{}\u00a0\u00bb][et_pb_text _builder_version=\u00a0\u00bb4.17.4&Prime; _module_preset=\u00a0\u00bbdefault\u00a0\u00bb global_colors_info=\u00a0\u00bb{}\u00a0\u00bb]<\/p>\n<p><strong>\u00ab NOUS N\u2019H\u00c9RITONS PAS LA TERRE DE NOS ANC\u00caTRES, NOUS L\u2019EMPRUNTONS \u00c0 NOS ENFANTS<\/strong> \u00bb <em>\u00a0ANTOINE DE SAINT-EXUPERY<\/em><\/p>\n<p>&nbsp;<\/p>\n<p>Depuis 2002, soucieux de leur environnement, les Blausascoises et les Blausascois ont la \u00ab <em><strong>Tri Attitude<\/strong><\/em> \u00bb et ont adopt\u00e9 la \u00ab Jette Soci\u00e9t\u00e9 \u00bb.<\/p>\n<p>&nbsp;<\/p>\n<p>Pour les <strong>encombrants<\/strong> des habitants de la commune, les employ\u00e9s du service technique de Blausasc font la collecte le lundi toute la journ\u00e9e.<\/p>\n<p>Prenez rendez-vous au pr\u00e9alable au 04 93 79 51 04<\/p>\n<p>&nbsp;<\/p>\n<p>Vos <strong>sacs de pr\u00e9-collecte ont vieillis<\/strong> !<\/p>\n<p>N\u2019h\u00e9sitez pas, des sacs neufs ainsi que la documentation papier concernant cet acte d\u2019\u00e9cocivisme, sont \u00e0 votre disposition au secr\u00e9tariat de la Mairie aux heures d\u2019ouverture.<\/p>\n<p>&nbsp;<\/p>\n<p>&nbsp;<\/p>\n<p>&nbsp;<\/p>\n<p>[\/et_pb_text][\/et_pb_column][\/et_pb_row][et_pb_row column_structure=\u00a0\u00bb1_2,1_2&Prime; _builder_version=\u00a0\u00bb4.17.4&Prime; _module_preset=\u00a0\u00bbdefault\u00a0\u00bb global_colors_info=\u00a0\u00bb{}\u00a0\u00bb][et_pb_column type=\u00a0\u00bb1_2&Prime; _builder_version=\u00a0\u00bb4.17.4&Prime; _module_preset=\u00a0\u00bbdefault\u00a0\u00bb global_colors_info=\u00a0\u00bb{}\u00a0\u00bb][et_pb_image src=\u00a0\u00bbhttps:\/\/www.blausasc.fr\/wp-content\/uploads\/2022\/06\/triSelectif3.jpeg\u00a0\u00bb title_text=\u00a0\u00bbtriSelectif3&Prime; _builder_version=\u00a0\u00bb4.17.4&Prime; _module_preset=\u00a0\u00bbdefault\u00a0\u00bb global_colors_info=\u00a0\u00bb{}\u00a0\u00bb][\/et_pb_image][\/et_pb_column][et_pb_column type=\u00a0\u00bb1_2&Prime; _builder_version=\u00a0\u00bb4.17.4&Prime; _module_preset=\u00a0\u00bbdefault\u00a0\u00bb global_colors_info=\u00a0\u00bb{}\u00a0\u00bb][et_pb_text _builder_version=\u00a0\u00bb4.17.4&Prime; _module_preset=\u00a0\u00bbdefault\u00a0\u00bb custom_margin=\u00a0\u00bb3px|||||\u00a0\u00bb hover_enabled=\u00a0\u00bb0&Prime; global_colors_info=\u00a0\u00bb{}\u00a0\u00bb sticky_enabled=\u00a0\u00bb0&Prime;]<\/p>\n<p style=\"text-align: center;\"><strong>O\u00f9 trouver les colonnes \u00e0 Blausasc ?<\/strong><\/p>\n<ul>\n<li>Verres et journaux : Quartier Tuban, Col Pelletier, d\u00e9but chemin de Vienne.<\/li>\n<li>Textiles ( Recyclage ) :\u00a0 Quartier TUBAN<\/li>\n<\/ul>\n<p>A travers une politique volontariste contre le gaspillage la Communaut\u00e9 des Communes du Pays des Paillons a mis en place des bornes de collecte de textiles usag\u00e9s (face au libre service du village).<\/p>\n<p>Les containers jaunes du Tri S\u00e9lectif sont collect\u00e9s le Jeudi.<\/p>\n<p>[\/et_pb_text][et_pb_image src=\u00a0\u00bbhttps:\/\/www.blausasc.fr\/wp-content\/uploads\/2022\/06\/TriSelectigPictoGuide-212&#215;300.jpg\u00a0\u00bb _builder_version=\u00a0\u00bb4.17.4&Prime; _module_preset=\u00a0\u00bbdefault\u00a0\u00bb title_text=\u00a0\u00bbGuide du tri s\u00e9lectif CCPP06&Prime; url=\u00a0\u00bbhttps:\/\/ccpp06.fr\/wp-content\/uploads\/2020\/11\/Guide-du-tri-site-CCPP.pdf\u00a0\u00bb hover_enabled=\u00a0\u00bb0&Prime; sticky_enabled=\u00a0\u00bb0&Prime; align=\u00a0\u00bbcenter\u00a0\u00bb use_overlay=\u00a0\u00bbon\u00a0\u00bb hover_icon=\u00a0\u00bb&#xf06e;||fa||900&Prime; url_new_window=\u00a0\u00bbon\u00a0\u00bb alt=\u00a0\u00bbGuide du tri s\u00e9lectif CCPP06&Prime;][\/et_pb_image][\/et_pb_column][\/et_pb_row][et_pb_row _builder_version=\u00a0\u00bb4.17.4&Prime; _module_preset=\u00a0\u00bbdefault\u00a0\u00bb global_colors_info=\u00a0\u00bb{}\u00a0\u00bb][et_pb_column type=\u00a0\u00bb4_4&Prime; _builder_version=\u00a0\u00bb4.17.4&Prime; _module_preset=\u00a0\u00bbdefault\u00a0\u00bb global_colors_info=\u00a0\u00bb{}\u00a0\u00bb][et_pb_text _builder_version=\u00a0\u00bb4.17.4&Prime; _module_preset=\u00a0\u00bbdefault\u00a0\u00bb global_colors_info=\u00a0\u00bb{}\u00a0\u00bb]<\/p>\n<h3 style=\"text-align: center;\">Retrouvez toutes les informations sur le tri s\u00e9lectif via le site le la <span style=\"color: #00ff00;\"><a href=\"https:\/\/ccpp06.fr\/le-tri-papiers-verre-emballages\/\" target=\"_blank\" rel=\"noopener\" style=\"color: #00ff00;\">Communaut\u00e9 des Communes CCPP06<\/a><\/span><\/h3>\n<p>[\/et_pb_text][\/et_pb_column][\/et_pb_row][\/et_pb_section]<\/p>\n","protected":false},"excerpt":{"rendered":"<p>LE TRI SELECTIF\u00ab NOUS N\u2019H\u00c9RITONS PAS LA TERRE DE NOS ANC\u00caTRES, NOUS L\u2019EMPRUNTONS \u00c0 NOS ENFANTS \u00bb \u00a0ANTOINE DE SAINT-EXUPERY &nbsp; Depuis 2002, soucieux de leur environnement, les Blausascoises et les Blausascois ont la \u00ab Tri Attitude \u00bb et ont adopt\u00e9 la \u00ab Jette Soci\u00e9t\u00e9 \u00bb. &nbsp; Pour les encombrants des habitants de la commune, [&hellip;]<\/p>\n","protected":false},"author":1,"featured_media":0,"parent":0,"menu_order":0,"comment_status":"closed","ping_status":"closed","template":"","meta":{"_et_pb_use_builder":"on","_et_pb_old_content":"","_et_gb_content_width":"","footnotes":""},"class_list":["post-784","page","type-page","status-publish","hentry"],"_links":{"self":[{"href":"https:\/\/www.blausasc.fr\/index.php\/wp-json\/wp\/v2\/pages\/784","targetHints":{"allow":["GET"]}}],"collection":[{"href":"https:\/\/www.blausasc.fr\/index.php\/wp-json\/wp\/v2\/pages"}],"about":[{"href":"https:\/\/www.blausasc.fr\/index.php\/wp-json\/wp\/v2\/types\/page"}],"author":[{"embeddable":true,"href":"https:\/\/www.blausasc.fr\/index.php\/wp-json\/wp\/v2\/users\/1"}],"replies":[{"embeddable":true,"href":"https:\/\/www.blausasc.fr\/index.php\/wp-json\/wp\/v2\/comments?post=784"}],"version-history":[{"count":0,"href":"https:\/\/www.blausasc.fr\/index.php\/wp-json\/wp\/v2\/pages\/784\/revisions"}],"wp:attachment":[{"href":"https:\/\/www.blausasc.fr\/index.php\/wp-json\/wp\/v2\/media?parent=784"}],"curies":[{"name":"wp","href":"https:\/\/api.w.org\/{rel}","templated":true}]}}