{"id":824,"date":"2022-06-22T19:48:38","date_gmt":"2022-06-22T17:48:38","guid":{"rendered":"https:\/\/www.blausasc.fr\/index.php\/blausasc-copy\/"},"modified":"2022-07-17T20:49:48","modified_gmt":"2022-07-17T18:49:48","slug":"blausasc-histoire","status":"publish","type":"page","link":"https:\/\/www.blausasc.fr\/index.php\/blausasc-histoire\/","title":{"rendered":"BLAUSASC HISTOIRE"},"content":{"rendered":"<p>[et_pb_section fb_built=\u00a0\u00bb1&Prime; _builder_version=\u00a0\u00bb4.17.4&Prime; _module_preset=\u00a0\u00bbdefault\u00a0\u00bb background_image=\u00a0\u00bbhttps:\/\/www.blausasc.fr\/wp-content\/uploads\/2022\/06\/histoire_blausasccollection43.jpg\u00a0\u00bb background_size=\u00a0\u00bbcontain\u00a0\u00bb min_height=\u00a0\u00bb377px\u00a0\u00bb custom_padding=\u00a0\u00bb||176px|||\u00a0\u00bb global_colors_info=\u00a0\u00bb{}\u00a0\u00bb][et_pb_row disabled_on=\u00a0\u00bbon|on|on\u00a0\u00bb _builder_version=\u00a0\u00bb4.16&Prime; _module_preset=\u00a0\u00bbdefault\u00a0\u00bb disabled=\u00a0\u00bbon\u00a0\u00bb global_colors_info=\u00a0\u00bb{}\u00a0\u00bb][et_pb_column type=\u00a0\u00bb4_4&Prime; _builder_version=\u00a0\u00bb4.16&Prime; _module_preset=\u00a0\u00bbdefault\u00a0\u00bb global_colors_info=\u00a0\u00bb{}\u00a0\u00bb][et_pb_text _builder_version=\u00a0\u00bb4.17.3&Prime; _module_preset=\u00a0\u00bbdefault\u00a0\u00bb text_text_color=\u00a0\u00bb#FFFFFF\u00a0\u00bb header_text_color=\u00a0\u00bb#FFFFFF\u00a0\u00bb global_colors_info=\u00a0\u00bb{}\u00a0\u00bb]<\/p>\n<h1 style=\"text-align: center\"><strong>ACTION SOCIALE<\/strong><\/h1>\n<p>[\/et_pb_text][\/et_pb_column][\/et_pb_row][\/et_pb_section][et_pb_section fb_built=\u00a0\u00bb1&Prime; _builder_version=\u00a0\u00bb4.16&Prime; _module_preset=\u00a0\u00bbdefault\u00a0\u00bb link_option_url_new_window=\u00a0\u00bbon\u00a0\u00bb global_colors_info=\u00a0\u00bb{}\u00a0\u00bb][et_pb_row _builder_version=\u00a0\u00bb4.17.3&Prime; _module_preset=\u00a0\u00bbdefault\u00a0\u00bb global_colors_info=\u00a0\u00bb{}\u00a0\u00bb][et_pb_column type=\u00a0\u00bb4_4&Prime; _builder_version=\u00a0\u00bb4.17.3&Prime; _module_preset=\u00a0\u00bbdefault\u00a0\u00bb global_colors_info=\u00a0\u00bb{}\u00a0\u00bb][et_pb_text _builder_version=\u00a0\u00bb4.17.4&Prime; _module_preset=\u00a0\u00bbdefault\u00a0\u00bb global_colors_info=\u00a0\u00bb{}\u00a0\u00bb]<\/p>\n<h2><strong><span style=\"font-size: 24px;\">1926 &#8211; LA COMMUNE DE BLAUSASC EST NEE<\/span><\/strong><\/h2>\n<p>L&rsquo;an 1926 marque la naissance de la commune de Blausasc.<\/p>\n<p>L\u2019an 1926 marque la naissance de la commune de Blausasc. C\u2019est en fait pr\u00e9cis\u00e9ment le 13 janvier 1926 que le Conseil d\u2019Etat vote la loi pronon\u00e7ant la cr\u00e9ation d\u2019une nouvelle commune des Alpes Maritimes : Blausasc vient de na\u00eetre. M\u00eame si la d\u00e9cision n\u2019est effective qu\u2019en f\u00e9vrier, elle \u00a0est issue d\u2019un travail et surtout d\u2019une situation qui justifiait la s\u00e9paration entre Blausasc et Peille.<\/p>\n<p align=\"justify\">G\u00e9ographiquement, tout s\u00e9parait la future commune de son chef lieu : la distance certes mais surtout le fait que les deux bourgs n\u2019appartenaient pas \u00e0 la m\u00eame vall\u00e9e. Petit \u00e0 petit, et d\u00e8s la fin du XIX i\u00e9me si\u00e8cle, ce hameau de Peille met en place les bases de son ind\u00e9pendances : il poss\u00e8de sa propre paroisse, son \u00e9cole et m\u00eame une salle d\u2019\u00e9tat civil. Le petit village peut survenir seul \u00e0 ses besoins.<\/p>\n<p align=\"justify\">Le 29 juin 1919, press\u00e9 par les habitants de Blausasc, le conseil municipal de Peille \u00e9met sa demande aupr\u00e8s de la pr\u00e9fecture pour l\u2019\u00e9rection de la commune. Une p\u00e9tition sign\u00e9e par la majorit\u00e9 de la population vient renforcer cette action. En novembre, une enqu\u00eate de\u00a0commodo\u00a0et\u00a0\u00a0incommodo\u00a0aupr\u00e8s des personnes concern\u00e9es est lanc\u00e9 et comme l\u2019exige la loi. Les suffrages en faveur de la s\u00e9paration sont largement majoritaires : seul un groupe de d\u00e9mobilis\u00e9s s\u2019y opposera.<\/p>\n<p align=\"justify\">Mais le chemin est long. En 1921, une commission syndicale, compos\u00e9e de notables locaux et notamment du Comte Sa\u00efssi de Ch\u00e2teauneuf, est \u00e9lue. En 1922, le Conseil G\u00e9n\u00e9ral publie ses conclusions : \u00ab\u00a0La future commune poss\u00e8de tous les \u00e9difices publics n\u00e9cessaires, la situation financi\u00e8re est suffisamment assur\u00e9e et le Conseil Municipal, d\u2019Arrondissement et G\u00e9n\u00e9ral ont \u00e9mis un avis favorable \u00e0 la s\u00e9paration\u2026, entente des habitants\u2026, sur les limites de la nouvelle commune\u2026 La population de Blausasc s\u2019\u00e9l\u00e8ve d\u2019apr\u00e8s le recensement de 1921, \u00e0 348 habitants\u2026\u00a0\u00bb<\/p>\n<p align=\"justify\">Cinq ann\u00e9e plus tard, la commune fait ses premiers pas dans l\u2019autonomie et d\u00e9signe son premier maire que sera\u00a0Alfred Deleuse. Auparavant, il aura fallu partager les biens entre Peille et Blausasc. La pr\u00e9fecture avait envisag\u00e9 la\u00a0question d\u00e8s 1924. Les biens mobiliers et immobiliers devaient \u00eatre s\u00e9par\u00e9s au prorata des populations vivant dans chaque village. Les \u00e9difices, \u00a0eux, resteraient de propri\u00e9t\u00e9 de la commune sur laquelle ils \u00e9taient \u00e9rig\u00e9s.<\/p>\n<p align=\"justify\">Le temps de l\u2019organisation\u00a0:\u00a0 Alors que la population s\u2019enthousiasme pour cette nouvelle ind\u00e9pendance, d\u00e8s 1926, la nouvelle administration s\u2019organise et nomme ses fonctionnaires : le cantonnier municipal, le secr\u00e9taire de mairie, le postier et plus tard, les suppl\u00e9ants \u00e0 la cabine t\u00e9l\u00e9phonique. Le r\u00e8glement de chasse est assez vite adopt\u00e9 afin de r\u00e9gir les terres communales. Et signe de maturit\u00e9 : une mairie annexe est cr\u00e9\u00e9e en 1936 \u00e0 la Pointe.<\/p>\n<p align=\"justify\">Mais les pr\u00e9occupations premi\u00e8res de la commune dans ces ann\u00e9es furent surtout la recherche d\u2019eau potable et l\u2019am\u00e9lioration des voies \u00a0de circulation et de communication pour les marchandises comme pour les hommes. Dans ce but, l\u2019ensemble de la commune conna\u00eet une modernisation sensible : les chemins entre les diff\u00e9rents quartiers sont am\u00e9nag\u00e9s, la d\u00e9viation de la route Nice-Turin est vot\u00e9e selon l\u2019ancien trac\u00e9 du tramway et les rues de Blausasc sont pav\u00e9es d\u00e8s 1933. L\u2019ann\u00e9e suivante, en 1934, les lavoirs \u00e0 Vienna et la Pallar\u00e9a sont cr\u00e9es. Enfin, en 1940, la commune d\u00e9pourvue de moulin \u00e0 huile d\u00e9cide d\u2019en acqu\u00e9rir un, afin de baisser le co\u00fbt de la production de cet or jaune.<\/p>\n<p align=\"justify\">Premier pas vers le d\u00e9veloppement\u00a0: c\u2019est en 1923, que le premier pas vers le d\u00e9veloppement industriel est franchi. A cette date, la cimenterie Vicat s\u2019implante \u00e0 Blausasc. Une part importante de la population y trouve un emploi et donc un\u00a0 revenu suppl\u00e9mentaire. C\u2019est gr\u00e2ce \u00e0 cette activit\u00e9 que le village conserve un dynamisme alors m\u00eame qu\u2019une majorit\u00e9 de commune rurale se d\u00e9sertifie.<\/p>\n<p align=\"justify\">Mais la commune a su exploiter tous ses atouts. Ainsi les grands travaux sont r\u00e9alis\u00e9s jusque dans les ann\u00e9es quatre-vingt. De 1964 \u00e0 1980, c\u2019est le r\u00e9seau d\u2019eau potable\u00a0 qui couvre peu \u00e0 peu tout le territoire. De 1965, \u00e0 1975, c\u2019est au tour des r\u00e9seaux d\u2019assainissement. Puis ce sera l\u2019\u00e9poque d\u2019un \u00e9clairage public performant.<\/p>\n<p align=\"justify\">Tirant atout de sa proximit\u00e9 de Nice et de sa campagne agr\u00e9able, le conseil municipal d\u00e9cidait la construction d\u2019un lotissement en 1973. En fl\u00e2nant \u00e0 travers les rues du village, depuis toujours et encore aujourd\u2019hui, on ressent une impression paisible.<\/p>\n<p align=\"justify\">Depuis, toujours sensible aux probl\u00e8mes li\u00e9s \u00e0 l\u2019environnement, le tri s\u00e9lectif mis en place avec succ\u00e8s en 2002, une d\u00e9chetterie communale ouverte chaque samedi et deux stations d\u2019\u00e9puration \u00e9cologique \u00e0 lits \u00e0 macrophytes compl\u00e8tent les \u00e9quipements publics.<\/p>\n<p align=\"justify\">\u00a0\u00ab\u00a0Tranch\u00e9 de gueules et\u00a0d\u2019argent, le premier charg\u00e9 d\u2019une rose, le second d\u2019une molette, de l\u2019un et de l\u2019autre\u00a0\u00bb<\/p>\n<p>[\/et_pb_text][\/et_pb_column][\/et_pb_row][et_pb_row _builder_version=\u00a0\u00bb4.17.6&Prime; _module_preset=\u00a0\u00bbdefault\u00a0\u00bb global_colors_info=\u00a0\u00bb{}\u00a0\u00bb][et_pb_column type=\u00a0\u00bb4_4&Prime; _builder_version=\u00a0\u00bb4.17.6&Prime; _module_preset=\u00a0\u00bbdefault\u00a0\u00bb global_colors_info=\u00a0\u00bb{}\u00a0\u00bb][et_pb_divider _builder_version=\u00a0\u00bb4.17.6&Prime; _module_preset=\u00a0\u00bbdefault\u00a0\u00bb global_colors_info=\u00a0\u00bb{}\u00a0\u00bb][\/et_pb_divider][\/et_pb_column][\/et_pb_row][et_pb_row _builder_version=\u00a0\u00bb4.17.6&Prime; _module_preset=\u00a0\u00bbdefault\u00a0\u00bb global_colors_info=\u00a0\u00bb{}\u00a0\u00bb theme_builder_area=\u00a0\u00bbpost_content\u00a0\u00bb][et_pb_column type=\u00a0\u00bb4_4&Prime; _builder_version=\u00a0\u00bb4.17.6&Prime; _module_preset=\u00a0\u00bbdefault\u00a0\u00bb global_colors_info=\u00a0\u00bb{}\u00a0\u00bb theme_builder_area=\u00a0\u00bbpost_content\u00a0\u00bb][et_pb_code _builder_version=\u00a0\u00bb4.17.6&Prime; _module_preset=\u00a0\u00bbdefault\u00a0\u00bb hover_enabled=\u00a0\u00bb0&Prime; box_shadow_style=\u00a0\u00bbpreset1&Prime; global_colors_info=\u00a0\u00bb{}\u00a0\u00bb theme_builder_area=\u00a0\u00bbpost_content\u00a0\u00bb sticky_enabled=\u00a0\u00bb0&Prime;]<iframe loading=\"lazy\" src=\"https:\/\/www.google.com\/maps\/embed?pb=!1m18!1m12!1m3!1d2879.415591148047!2d7.360714415954926!3d43.805738350570614!2m3!1f0!2f0!3f0!3m2!1i1024!2i768!4f13.1!3m3!1m2!1s0x12cdc1375e3e7223%3A0x8b482fe5819dd5d1!2sMairie+de+Blausasc!5e0!3m2!1sfr!2sfr!4v1554918241317!5m2!1sfr!2sfr\" width=\"1080\" height=\"600\" frameborder=\"0\" style=\"border:0\" allowfullscreen><\/iframe>[\/et_pb_code][\/et_pb_column][\/et_pb_row][et_pb_row column_structure=\u00a0\u00bb1_3,1_3,1_3&Prime; _builder_version=\u00a0\u00bb4.17.4&Prime; _module_preset=\u00a0\u00bbdefault\u00a0\u00bb global_colors_info=\u00a0\u00bb{}\u00a0\u00bb][et_pb_column type=\u00a0\u00bb1_3&Prime; _builder_version=\u00a0\u00bb4.17.4&Prime; _module_preset=\u00a0\u00bbdefault\u00a0\u00bb global_colors_info=\u00a0\u00bb{}\u00a0\u00bb][et_pb_button button_url=\u00a0\u00bb@ET-DC@eyJkeW5hbWljIjp0cnVlLCJjb250ZW50IjoicG9zdF9saW5rX3VybF9wYWdlIiwic2V0dGluZ3MiOnsicG9zdF9pZCI6IjgyNCJ9fQ==@\u00a0\u00bb button_text=\u00a0\u00bbHistoire\u00a0\u00bb button_alignment=\u00a0\u00bbcenter\u00a0\u00bb disabled_on=\u00a0\u00bbon|on|on\u00a0\u00bb _builder_version=\u00a0\u00bb4.17.4&Prime; _dynamic_attributes=\u00a0\u00bbbutton_url\u00a0\u00bb _module_preset=\u00a0\u00bbdefault\u00a0\u00bb custom_button=\u00a0\u00bbon\u00a0\u00bb button_text_color=\u00a0\u00bb#FFFFFF\u00a0\u00bb button_bg_color=\u00a0\u00bb#0DA0C5&Prime; button_border_radius=\u00a0\u00bb15px\u00a0\u00bb button_text_color_tablet=\u00a0\u00bb#FFFFFF\u00a0\u00bb button_text_color_phone=\u00a0\u00bb#FFFFFF\u00a0\u00bb button_text_color_last_edited=\u00a0\u00bbon|desktop\u00a0\u00bb box_shadow_style=\u00a0\u00bbpreset2&Prime; disabled=\u00a0\u00bbon\u00a0\u00bb global_colors_info=\u00a0\u00bb{}\u00a0\u00bb button_text_color__hover_enabled=\u00a0\u00bbon|hover\u00a0\u00bb button_bg_color__hover_enabled=\u00a0\u00bbon|hover\u00a0\u00bb button_bg_color__hover=\u00a0\u00bb#FFFFFF\u00a0\u00bb button_bg_enable_color__hover=\u00a0\u00bbon\u00a0\u00bb button_text_color__hover=\u00a0\u00bb#007FE0&Prime;][\/et_pb_button][\/et_pb_column][et_pb_column type=\u00a0\u00bb1_3&Prime; _builder_version=\u00a0\u00bb4.17.4&Prime; _module_preset=\u00a0\u00bbdefault\u00a0\u00bb global_colors_info=\u00a0\u00bb{}\u00a0\u00bb][et_pb_button button_url=\u00a0\u00bb@ET-DC@eyJkeW5hbWljIjp0cnVlLCJjb250ZW50IjoicG9zdF9saW5rX3VybF9wYWdlIiwic2V0dGluZ3MiOnsicG9zdF9pZCI6IjgzNiJ9fQ==@\u00a0\u00bb button_text=\u00a0\u00bbPatrimoine\u00a0\u00bb button_alignment=\u00a0\u00bbcenter\u00a0\u00bb _builder_version=\u00a0\u00bb4.17.4&Prime; _dynamic_attributes=\u00a0\u00bbbutton_url\u00a0\u00bb _module_preset=\u00a0\u00bbdefault\u00a0\u00bb custom_button=\u00a0\u00bbon\u00a0\u00bb button_text_color=\u00a0\u00bb#FFFFFF\u00a0\u00bb button_bg_color=\u00a0\u00bb#0DA0C5&Prime; button_border_radius=\u00a0\u00bb15px\u00a0\u00bb button_text_color_tablet=\u00a0\u00bb#FFFFFF\u00a0\u00bb button_text_color_phone=\u00a0\u00bb#FFFFFF\u00a0\u00bb button_text_color_last_edited=\u00a0\u00bbon|desktop\u00a0\u00bb box_shadow_style=\u00a0\u00bbpreset2&Prime; global_colors_info=\u00a0\u00bb{}\u00a0\u00bb button_text_color__hover_enabled=\u00a0\u00bbon|hover\u00a0\u00bb button_bg_color__hover_enabled=\u00a0\u00bbon|hover\u00a0\u00bb button_bg_color__hover=\u00a0\u00bb#FFFFFF\u00a0\u00bb button_bg_enable_color__hover=\u00a0\u00bbon\u00a0\u00bb button_text_color__hover=\u00a0\u00bb#007FE0&Prime;][\/et_pb_button][\/et_pb_column][et_pb_column type=\u00a0\u00bb1_3&Prime; _builder_version=\u00a0\u00bb4.17.4&Prime; _module_preset=\u00a0\u00bbdefault\u00a0\u00bb global_colors_info=\u00a0\u00bb{}\u00a0\u00bb][et_pb_button button_url=\u00a0\u00bb@ET-DC@eyJkeW5hbWljIjp0cnVlLCJjb250ZW50IjoicG9zdF9saW5rX3VybF9wYWdlIiwic2V0dGluZ3MiOnsicG9zdF9pZCI6Ijg1MyJ9fQ==@\u00a0\u00bb button_text=\u00a0\u00bbGalerie photos\u00a0\u00bb button_alignment=\u00a0\u00bbcenter\u00a0\u00bb _builder_version=\u00a0\u00bb4.17.4&Prime; _dynamic_attributes=\u00a0\u00bbbutton_url\u00a0\u00bb _module_preset=\u00a0\u00bbdefault\u00a0\u00bb custom_button=\u00a0\u00bbon\u00a0\u00bb button_text_color=\u00a0\u00bb#FFFFFF\u00a0\u00bb button_bg_color=\u00a0\u00bb#0DA0C5&Prime; button_border_radius=\u00a0\u00bb15px\u00a0\u00bb button_text_color_tablet=\u00a0\u00bb#FFFFFF\u00a0\u00bb button_text_color_phone=\u00a0\u00bb#FFFFFF\u00a0\u00bb button_text_color_last_edited=\u00a0\u00bbon|desktop\u00a0\u00bb box_shadow_style=\u00a0\u00bbpreset2&Prime; global_colors_info=\u00a0\u00bb{}\u00a0\u00bb button_text_color__hover_enabled=\u00a0\u00bbon|hover\u00a0\u00bb button_bg_color__hover_enabled=\u00a0\u00bbon|hover\u00a0\u00bb button_bg_color__hover=\u00a0\u00bb#FFFFFF\u00a0\u00bb button_bg_enable_color__hover=\u00a0\u00bbon\u00a0\u00bb button_text_color__hover=\u00a0\u00bb#007FE0&Prime;][\/et_pb_button][\/et_pb_column][\/et_pb_row][\/et_pb_section]<\/p>\n","protected":false},"excerpt":{"rendered":"<p>ACTION SOCIALE1926 &#8211; LA COMMUNE DE BLAUSASC EST NEE L&rsquo;an 1926 marque la naissance de la commune de Blausasc. L\u2019an 1926 marque la naissance de la commune de Blausasc. C\u2019est en fait pr\u00e9cis\u00e9ment le 13 janvier 1926 que le Conseil d\u2019Etat vote la loi pronon\u00e7ant la cr\u00e9ation d\u2019une nouvelle commune des Alpes Maritimes : Blausasc [&hellip;]<\/p>\n","protected":false},"author":1,"featured_media":0,"parent":0,"menu_order":0,"comment_status":"closed","ping_status":"closed","template":"","meta":{"_et_pb_use_builder":"on","_et_pb_old_content":"","_et_gb_content_width":"","footnotes":""},"class_list":["post-824","page","type-page","status-publish","hentry"],"_links":{"self":[{"href":"https:\/\/www.blausasc.fr\/index.php\/wp-json\/wp\/v2\/pages\/824","targetHints":{"allow":["GET"]}}],"collection":[{"href":"https:\/\/www.blausasc.fr\/index.php\/wp-json\/wp\/v2\/pages"}],"about":[{"href":"https:\/\/www.blausasc.fr\/index.php\/wp-json\/wp\/v2\/types\/page"}],"author":[{"embeddable":true,"href":"https:\/\/www.blausasc.fr\/index.php\/wp-json\/wp\/v2\/users\/1"}],"replies":[{"embeddable":true,"href":"https:\/\/www.blausasc.fr\/index.php\/wp-json\/wp\/v2\/comments?post=824"}],"version-history":[{"count":0,"href":"https:\/\/www.blausasc.fr\/index.php\/wp-json\/wp\/v2\/pages\/824\/revisions"}],"wp:attachment":[{"href":"https:\/\/www.blausasc.fr\/index.php\/wp-json\/wp\/v2\/media?parent=824"}],"curies":[{"name":"wp","href":"https:\/\/api.w.org\/{rel}","templated":true}]}}